{"id":13514,"date":"2023-03-02T10:51:14","date_gmt":"2023-03-02T09:51:14","guid":{"rendered":"https:\/\/www.vellsam.com\/politica-de-cookies\/"},"modified":"2024-05-13T11:25:48","modified_gmt":"2024-05-13T10:25:48","slug":"politica-de-cookies","status":"publish","type":"page","link":"https:\/\/www.vellsam.com\/pt-pt\/politica-de-cookies\/","title":{"rendered":"Pol\u00edtica de cookies"},"content":{"rendered":"\n<p><strong>Primeira camada: AVISO DE UTILIZA\u00c7\u00c3O DE COOKIES. &#8220;Aceito&#8221;; &#8220;Mais informa\u00e7\u00f5es&#8221;. Esta camada deve ser fornecida ao utilizador no primeiro acesso ao s\u00edtio do prestador, quer atrav\u00e9s da barra de cabe\u00e7alho, do rodap\u00e9 ou da janela pop-up da p\u00e1gina inicial.<\/strong><\/p>\n\n<p>Utilizamos cookies pr\u00f3prios e de terceiros para lhe oferecer uma melhor experi\u00eancia e servi\u00e7o de acordo com os seus h\u00e1bitos de navega\u00e7\u00e3o. Ao continuar a navegar no s\u00edtio, est\u00e1 a concordar com a nossa utiliza\u00e7\u00e3o de cookies. Pode alterar as defini\u00e7\u00f5es ou obter mais informa\u00e7\u00f5es &#8220;aqui&#8221; (liga\u00e7\u00e3o<br\/>Pol\u00edtica de cookies).<br\/><strong>Segunda camada: POL\u00cdTICA DE COOKIES. CONTACTO &#8220;D\u00favidas&#8221;. Deve consistir num documento espec\u00edfico distinto das condi\u00e7\u00f5es de utiliza\u00e7\u00e3o, do aviso legal ou da pol\u00edtica de privacidade.<\/strong><\/p>\n\n<p><strong>Introdu\u00e7\u00e3o. Defini\u00e7\u00e3o e fun\u00e7\u00e3o dos cookies.<\/strong><\/p>\n\n<p>Um cookie \u00e9 um ficheiro que \u00e9 descarregado para o seu computador quando acede a determinadas p\u00e1ginas Web. Os cookies permitem a um s\u00edtio Web, entre outras coisas, armazenar e recuperar informa\u00e7\u00f5es sobre os h\u00e1bitos de navega\u00e7\u00e3o de um utilizador ou do seu computador e, em fun\u00e7\u00e3o dos h\u00e1bitos de navega\u00e7\u00e3o do utilizador<br\/>Em fun\u00e7\u00e3o das informa\u00e7\u00f5es que cont\u00eam e da forma como utiliza o seu equipamento, podem ser utilizadas para reconhecer o Utilizador. O browser do Utilizador guarda os Cookies no disco r\u00edgido apenas durante a sess\u00e3o em curso, ocupando um espa\u00e7o m\u00ednimo de mem\u00f3ria e n\u00e3o<br\/>danificar o computador. Os cookies n\u00e3o cont\u00eam qualquer informa\u00e7\u00e3o pessoal espec\u00edfica e a maioria dos cookies \u00e9 eliminada do disco r\u00edgido no final da sess\u00e3o do browser (os chamados cookies de sess\u00e3o).<\/p>\n\n<p>A maioria dos browsers aceita cookies como padr\u00e3o e, independentemente deles, permite ou impede cookies tempor\u00e1rios ou armazenados nas defini\u00e7\u00f5es de seguran\u00e7a.<\/p>\n\n<p>Sem o seu consentimento expresso &#8211; atrav\u00e9s da ativa\u00e7\u00e3o de Cookies no seu browser &#8211; n\u00e3o associaremos nos cookies os dados armazenados aos seus dados pessoais fornecidos no momento do seu pedido ou compra.<\/p>\n\n<p><br\/><strong>Que tipo de cookies utiliza este s\u00edtio Web?<\/strong><\/p>\n\n<p><br\/><strong>Dependendo da entidade que os gere:<\/strong><\/p>\n\n<p>Cookies pr\u00f3prios: S\u00e3o aqueles que s\u00e3o enviados a partir do nosso pr\u00f3prio equipamento ou dom\u00ednio.<br\/>Cookies de terceiros: s\u00e3o aqueles que s\u00e3o enviados a partir de um computador ou dom\u00ednio que n\u00e3o \u00e9 gerido por n\u00f3s, mas por uma entidade terceira.<\/p>\n\n<p><br\/><strong>Dependendo do tempo que permanecem activados<\/strong>:<\/p>\n\n<p>Cookies de sess\u00e3o: s\u00e3o cookies tempor\u00e1rios que permanecem no seu navegador at\u00e9 sair do s\u00edtio Web e n\u00e3o ficam registados no disco r\u00edgido do seu computador ou dispositivo equivalente. Analisa os padr\u00f5es de tr\u00e1fego no s\u00edtio Web, o que nos permite<br\/>permite uma melhoria progressiva dos conte\u00fados e das utiliza\u00e7\u00f5es do s\u00edtio Web.<\/p>\n\n<p>Cookies persistentes: s\u00e3o cookies que ficam armazenados no disco r\u00edgido durante um determinado per\u00edodo de tempo e s\u00e3o lidos pelo nosso s\u00edtio Web sempre que \u00e9 efectuada uma nova visita. Estes cookies expiram depois de decorrido o per\u00edodo de tempo pr\u00e9-definido e s\u00e3o normalmente utilizados para facilitar os servi\u00e7os de compra e registo.<\/p>\n\n<p><br\/><strong>De acordo com o seu objetivo:<\/strong><\/p>\n\n<p>Cookies t\u00e9cnicos: S\u00e3o aqueles que permitem ao utilizador navegar satisfatoriamente no s\u00edtio Web, uma vez que permitem o seu correto funcionamento. Permitem, por exemplo, o controlo do tr\u00e1fego e da comunica\u00e7\u00e3o de dados, o acesso a zonas de acesso restrito, o processo de compra ou o formul\u00e1rio de candidatura, a utiliza\u00e7\u00e3o de elementos de seguran\u00e7a, o armazenamento de conte\u00fados para a difus\u00e3o de v\u00eddeos ou a partilha de conte\u00fados atrav\u00e9s de redes sociais.<\/p>\n\n<p>Cookies de personaliza\u00e7\u00e3o: Estes cookies permitem ao utilizador aceder ao servi\u00e7o com caracter\u00edsticas predefinidas em fun\u00e7\u00e3o de uma s\u00e9rie de crit\u00e9rios (l\u00edngua, tipo de navegador utilizado para aceder ao servi\u00e7o, configura\u00e7\u00e3o regional a partir da qual se acede ao servi\u00e7o, etc.).<br\/>acesso ao servi\u00e7o, etc&#8230;).<br\/>Cookies de an\u00e1lise: Estes cookies permitem-nos quantificar o n\u00famero de utilizadores e, assim, efetuar a medi\u00e7\u00e3o e a an\u00e1lise estat\u00edstica da utiliza\u00e7\u00e3o que os utilizadores fazem dos servi\u00e7os prestados.<br\/>Cookies publicit\u00e1rios: S\u00e3o aqueles que permitem a gest\u00e3o, da forma mais eficaz poss\u00edvel, dos espa\u00e7os publicit\u00e1rios que oferecemos.<br\/>Cookies de publicidade comportamental: S\u00e3o cookies que armazenam informa\u00e7\u00f5es sobre o comportamento dos utilizadores obtidas atrav\u00e9s da observa\u00e7\u00e3o cont\u00ednua dos seus h\u00e1bitos de navega\u00e7\u00e3o, permitindo desenvolver um perfil espec\u00edfico para apresentar publicidade com base no mesmo.<\/p>\n\n<p><br\/><strong>Abaixo detalhamos os cookies utilizados no nosso s\u00edtio Web e a finalidade dos mesmos.<br\/>mesmo:<\/strong><\/p>\n\n<p><br\/><strong>COOKIES PR\u00d3PRIOS:<br\/>Nome<br\/>Tipo<br\/>Objetivo<br\/>*Exclu\u00eddo\/n\u00e3o exclu\u00eddo (do dever de informa\u00e7\u00e3o e consentimento)<\/strong><br\/><em>*Entende-se por cookies exclu\u00eddos do dever de informa\u00e7\u00e3o e consentimento aqueles que s\u00e3o estritamente necess\u00e1rios para a presta\u00e7\u00e3o de um servi\u00e7o estritamente solicitado pelo utilizador ou aqueles que s\u00e3o necess\u00e1rios apenas para permitir a comunica\u00e7\u00e3o entre o computador do utilizador e o servidor, e aqueles que s\u00e3o estritamente necess\u00e1rios para a presta\u00e7\u00e3o de um servi\u00e7o estritamente solicitado pelo utilizador ou aqueles que s\u00e3o necess\u00e1rios apenas para permitir a comunica\u00e7\u00e3o entre o computador do utilizador e o servidor.<br\/>cookies de utilizador e de rede, tais como: cookies de sess\u00e3o, cookies t\u00e9cnicos e cookies de personaliza\u00e7\u00e3o.<\/em><\/p>\n\n<p><br\/><strong>COOKIES DE TERCEIROS:<\/strong><\/p>\n\n<p><strong><br\/>Nome do fornecedor<br\/>Objetivo do cookie<br\/>Descri\u00e7\u00e3o do objetivo do cookie<br\/>Para mais informa\u00e7\u00f5es sobre a utiliza\u00e7\u00e3o de cookies por este terceiro (liga\u00e7\u00e3o)<\/strong><\/p>\n\n<p>Estas listas s\u00e3o actualizadas o mais rapidamente poss\u00edvel quando se verifica qualquer altera\u00e7\u00e3o nos servi\u00e7os oferecidos no s\u00edtio Web. No entanto, pode acontecer que, durante a atualiza\u00e7\u00e3o, a lista deixe de incluir alguns Cookies, embora se refira sempre a Cookies com<br\/>fins id\u00eanticos aos dos inscritos na lista.<\/p>\n\n<p><br\/><strong>Aceita\u00e7\u00e3o da utiliza\u00e7\u00e3o de cookies. Obter o consentimento e como desativar ou desativar ou<br\/>apagar cookies.<\/strong><\/p>\n\n<p><br\/>O Utilizador aceita expressamente, ao utilizar este s\u00edtio Web, o tratamento das informa\u00e7\u00f5es recolhidas na forma e para os fins acima referidos. O utilizador reconhece igualmente que pode recusar o tratamento de tais dados ou informa\u00e7\u00f5es, rejeitando a utiliza\u00e7\u00e3o de cookies atrav\u00e9s da sele\u00e7\u00e3o das defini\u00e7\u00f5es apropriadas no seu navegador. Embora esta op\u00e7\u00e3o de bloqueio de Cookies no seu browser possa n\u00e3o permitir a utiliza\u00e7\u00e3o plena de todas as funcionalidades da Web e que a experi\u00eancia no nosso s\u00edtio Web seja menos satisfat\u00f3ria.<\/p>\n\n<p>O utilizador pode permitir, bloquear ou eliminar os cookies instalados no seu computador, configurando as op\u00e7\u00f5es do navegador instalado no seu computador:<\/p>\n\n<p>\uf0b7 Internet Explorer:<br\/>windows<a href=\"https:\/\/windows.microsoft.com\/es-xl\/internet-explorer\/delete-manage-cookies#ie=ie-10\" target=\"_blank\" rel=\"noreferrer noopener\">.microsoft.com\/pt-br\/internet-explorer\/delete-manage-cookies#ie=ie-10<\/a><br\/>\uf0b7 Firefox:<br\/><a rel=\"noreferrer noopener\" href=\"http:\/\/support.mozilla.org\/es\/kb\/Borrar%20cookies\" target=\"_blank\">support.mozilla.org\/kb\/Clear%20cookies<\/a><br\/>\uf0b7 Chrome:<br\/><a rel=\"noreferrer noopener\" href=\"http:\/\/support.google.com\/chrome\/answer\/95647?hl=es\" target=\"_blank\">support.google.com\/chrome\/answer\/95647?hl=pt<\/a><br\/>\uf0b7 Safari:<br\/><a rel=\"noreferrer noopener\" href=\"http:\/\/www.apple.com\/es\/privacy\/use-of-cookies\/\" target=\"_blank\">www.apple.com\/es\/privacy\/use-of-cookies\/<\/a><br\/>\uf0b7 Opera:<br\/><a rel=\"noreferrer noopener\" href=\"http:\/\/help.opera.com\/Windows\/12.00\/es-ES\/cookies.html\" target=\"_blank\">http:\/\/help.opera.com\/Windows\/12.00\/es-ES\/cookies.html<\/a><\/p>\n\n<p><br\/>Se tiver alguma quest\u00e3o sobre esta pol\u00edtica de cookies, pode contactar-nos enviando uma mensagem de correio eletr\u00f3nico para <a rel=\"noreferrer noopener\" href=\"mailto:vellsam@vellsam.com\" target=\"_blank\">vellsam@vellsam.com.<\/a><\/p>\n","protected":false},"excerpt":{"rendered":"<p>Primeira camada: AVISO DE UTILIZA\u00c7\u00c3O DE COOKIES. &#8220;Aceito&#8221;; &#8220;Mais informa\u00e7\u00f5es&#8221;. Esta camada deve ser fornecida ao utilizador no primeiro acesso ao s\u00edtio do prestador, quer atrav\u00e9s da barra de cabe\u00e7alho, do rodap\u00e9 ou da janela pop-up da p\u00e1gina inicial. Utilizamos cookies pr\u00f3prios e de terceiros para lhe oferecer uma melhor experi\u00eancia e servi\u00e7o de acordo [&hellip;]<\/p>\n","protected":false},"author":1,"featured_media":0,"parent":0,"menu_order":0,"comment_status":"closed","ping_status":"closed","template":"","meta":{"_acf_changed":false,"om_disable_all_campaigns":false,"_monsterinsights_skip_tracking":false,"_monsterinsights_sitenote_active":false,"_monsterinsights_sitenote_note":"","_monsterinsights_sitenote_category":0,"_uf_show_specific_survey":0,"_uf_disable_surveys":false,"footnotes":""},"class_list":["post-13514","page","type-page","status-publish","hentry"],"acf":[],"yoast_head":"<!-- This site is optimized with the Yoast SEO plugin v27.5 - https:\/\/yoast.com\/product\/yoast-seo-wordpress\/ -->\n<title>Pol\u00edtica de cookies - Vellsam<\/title>\n<meta name=\"robots\" content=\"index, follow, max-snippet:-1, max-image-preview:large, max-video-preview:-1\" \/>\n<link rel=\"canonical\" href=\"https:\/\/www.vellsam.com\/politica-de-cookies\/\" \/>\n<meta property=\"og:locale\" content=\"pt_PT\" \/>\n<meta property=\"og:type\" content=\"article\" \/>\n<meta property=\"og:title\" content=\"Pol\u00edtica de cookies - Vellsam\" \/>\n<meta property=\"og:description\" content=\"Primeira camada: AVISO DE UTILIZA\u00c7\u00c3O DE COOKIES. &#8220;Aceito&#8221;; &#8220;Mais informa\u00e7\u00f5es&#8221;. Esta camada deve ser fornecida ao utilizador no primeiro acesso ao s\u00edtio do prestador, quer atrav\u00e9s da barra de cabe\u00e7alho, do rodap\u00e9 ou da janela pop-up da p\u00e1gina inicial. Utilizamos cookies pr\u00f3prios e de terceiros para lhe oferecer uma melhor experi\u00eancia e servi\u00e7o de acordo [&hellip;]\" \/>\n<meta property=\"og:url\" content=\"https:\/\/www.vellsam.com\/politica-de-cookies\/\" \/>\n<meta property=\"og:site_name\" content=\"Vellsam\" \/>\n<meta property=\"article:publisher\" content=\"https:\/\/www.facebook.com\/vellsam.mb\" \/>\n<meta property=\"article:modified_time\" content=\"2024-05-13T10:25:48+00:00\" \/>\n<meta name=\"twitter:card\" content=\"summary_large_image\" \/>\n<meta name=\"twitter:site\" content=\"@Vellsam_MB\" \/>\n<meta name=\"twitter:label1\" content=\"Tempo estimado de leitura\" \/>\n\t<meta name=\"twitter:data1\" content=\"6 minutos\" \/>\n<script type=\"application\/ld+json\" class=\"yoast-schema-graph\">{\"@context\":\"https:\\\/\\\/schema.org\",\"@graph\":[{\"@type\":\"WebPage\",\"@id\":\"https:\\\/\\\/www.vellsam.com\\\/politica-de-cookies\\\/\",\"url\":\"https:\\\/\\\/www.vellsam.com\\\/politica-de-cookies\\\/\",\"name\":\"Pol\u00edtica de cookies - Vellsam\",\"isPartOf\":{\"@id\":\"https:\\\/\\\/www.vellsam.com\\\/#website\"},\"datePublished\":\"2023-03-02T09:51:14+00:00\",\"dateModified\":\"2024-05-13T10:25:48+00:00\",\"breadcrumb\":{\"@id\":\"https:\\\/\\\/www.vellsam.com\\\/politica-de-cookies\\\/#breadcrumb\"},\"inLanguage\":\"pt-PT\",\"potentialAction\":[{\"@type\":\"ReadAction\",\"target\":[\"https:\\\/\\\/www.vellsam.com\\\/politica-de-cookies\\\/\"]}]},{\"@type\":\"BreadcrumbList\",\"@id\":\"https:\\\/\\\/www.vellsam.com\\\/politica-de-cookies\\\/#breadcrumb\",\"itemListElement\":[{\"@type\":\"ListItem\",\"position\":1,\"name\":\"Portada\",\"item\":\"https:\\\/\\\/www.vellsam.com\\\/\"},{\"@type\":\"ListItem\",\"position\":2,\"name\":\"Pol\u00edtica de cookies\"}]},{\"@type\":\"WebSite\",\"@id\":\"https:\\\/\\\/www.vellsam.com\\\/#website\",\"url\":\"https:\\\/\\\/www.vellsam.com\\\/\",\"name\":\"Vellsam\",\"description\":\"Soluciones biotecnol\u00f3gicas para el desarrollo agr\u00edcola\",\"publisher\":{\"@id\":\"https:\\\/\\\/www.vellsam.com\\\/#organization\"},\"potentialAction\":[{\"@type\":\"SearchAction\",\"target\":{\"@type\":\"EntryPoint\",\"urlTemplate\":\"https:\\\/\\\/www.vellsam.com\\\/?s={search_term_string}\"},\"query-input\":{\"@type\":\"PropertyValueSpecification\",\"valueRequired\":true,\"valueName\":\"search_term_string\"}}],\"inLanguage\":\"pt-PT\"},{\"@type\":\"Organization\",\"@id\":\"https:\\\/\\\/www.vellsam.com\\\/#organization\",\"name\":\"Vellsam\",\"url\":\"https:\\\/\\\/www.vellsam.com\\\/\",\"logo\":{\"@type\":\"ImageObject\",\"inLanguage\":\"pt-PT\",\"@id\":\"https:\\\/\\\/www.vellsam.com\\\/#\\\/schema\\\/logo\\\/image\\\/\",\"url\":\"https:\\\/\\\/www.vellsam.com\\\/wp-content\\\/uploads\\\/2023\\\/01\\\/vellsam-logo.png\",\"contentUrl\":\"https:\\\/\\\/www.vellsam.com\\\/wp-content\\\/uploads\\\/2023\\\/01\\\/vellsam-logo.png\",\"width\":340,\"height\":59,\"caption\":\"Vellsam\"},\"image\":{\"@id\":\"https:\\\/\\\/www.vellsam.com\\\/#\\\/schema\\\/logo\\\/image\\\/\"},\"sameAs\":[\"https:\\\/\\\/www.facebook.com\\\/vellsam.mb\",\"https:\\\/\\\/x.com\\\/Vellsam_MB\",\"https:\\\/\\\/www.linkedin.com\\\/company\\\/11061739\\\/\"]}]}<\/script>\n<!-- \/ Yoast SEO plugin. -->","yoast_head_json":{"title":"Pol\u00edtica de cookies - Vellsam","robots":{"index":"index","follow":"follow","max-snippet":"max-snippet:-1","max-image-preview":"max-image-preview:large","max-video-preview":"max-video-preview:-1"},"canonical":"https:\/\/www.vellsam.com\/politica-de-cookies\/","og_locale":"pt_PT","og_type":"article","og_title":"Pol\u00edtica de cookies - Vellsam","og_description":"Primeira camada: AVISO DE UTILIZA\u00c7\u00c3O DE COOKIES. &#8220;Aceito&#8221;; &#8220;Mais informa\u00e7\u00f5es&#8221;. Esta camada deve ser fornecida ao utilizador no primeiro acesso ao s\u00edtio do prestador, quer atrav\u00e9s da barra de cabe\u00e7alho, do rodap\u00e9 ou da janela pop-up da p\u00e1gina inicial. Utilizamos cookies pr\u00f3prios e de terceiros para lhe oferecer uma melhor experi\u00eancia e servi\u00e7o de acordo [&hellip;]","og_url":"https:\/\/www.vellsam.com\/politica-de-cookies\/","og_site_name":"Vellsam","article_publisher":"https:\/\/www.facebook.com\/vellsam.mb","article_modified_time":"2024-05-13T10:25:48+00:00","twitter_card":"summary_large_image","twitter_site":"@Vellsam_MB","twitter_misc":{"Tempo estimado de leitura":"6 minutos"},"schema":{"@context":"https:\/\/schema.org","@graph":[{"@type":"WebPage","@id":"https:\/\/www.vellsam.com\/politica-de-cookies\/","url":"https:\/\/www.vellsam.com\/politica-de-cookies\/","name":"Pol\u00edtica de cookies - Vellsam","isPartOf":{"@id":"https:\/\/www.vellsam.com\/#website"},"datePublished":"2023-03-02T09:51:14+00:00","dateModified":"2024-05-13T10:25:48+00:00","breadcrumb":{"@id":"https:\/\/www.vellsam.com\/politica-de-cookies\/#breadcrumb"},"inLanguage":"pt-PT","potentialAction":[{"@type":"ReadAction","target":["https:\/\/www.vellsam.com\/politica-de-cookies\/"]}]},{"@type":"BreadcrumbList","@id":"https:\/\/www.vellsam.com\/politica-de-cookies\/#breadcrumb","itemListElement":[{"@type":"ListItem","position":1,"name":"Portada","item":"https:\/\/www.vellsam.com\/"},{"@type":"ListItem","position":2,"name":"Pol\u00edtica de cookies"}]},{"@type":"WebSite","@id":"https:\/\/www.vellsam.com\/#website","url":"https:\/\/www.vellsam.com\/","name":"Vellsam","description":"Soluciones biotecnol\u00f3gicas para el desarrollo agr\u00edcola","publisher":{"@id":"https:\/\/www.vellsam.com\/#organization"},"potentialAction":[{"@type":"SearchAction","target":{"@type":"EntryPoint","urlTemplate":"https:\/\/www.vellsam.com\/?s={search_term_string}"},"query-input":{"@type":"PropertyValueSpecification","valueRequired":true,"valueName":"search_term_string"}}],"inLanguage":"pt-PT"},{"@type":"Organization","@id":"https:\/\/www.vellsam.com\/#organization","name":"Vellsam","url":"https:\/\/www.vellsam.com\/","logo":{"@type":"ImageObject","inLanguage":"pt-PT","@id":"https:\/\/www.vellsam.com\/#\/schema\/logo\/image\/","url":"https:\/\/www.vellsam.com\/wp-content\/uploads\/2023\/01\/vellsam-logo.png","contentUrl":"https:\/\/www.vellsam.com\/wp-content\/uploads\/2023\/01\/vellsam-logo.png","width":340,"height":59,"caption":"Vellsam"},"image":{"@id":"https:\/\/www.vellsam.com\/#\/schema\/logo\/image\/"},"sameAs":["https:\/\/www.facebook.com\/vellsam.mb","https:\/\/x.com\/Vellsam_MB","https:\/\/www.linkedin.com\/company\/11061739\/"]}]}},"_links":{"self":[{"href":"https:\/\/www.vellsam.com\/pt-pt\/wp-json\/wp\/v2\/pages\/13514","targetHints":{"allow":["GET"]}}],"collection":[{"href":"https:\/\/www.vellsam.com\/pt-pt\/wp-json\/wp\/v2\/pages"}],"about":[{"href":"https:\/\/www.vellsam.com\/pt-pt\/wp-json\/wp\/v2\/types\/page"}],"author":[{"embeddable":true,"href":"https:\/\/www.vellsam.com\/pt-pt\/wp-json\/wp\/v2\/users\/1"}],"replies":[{"embeddable":true,"href":"https:\/\/www.vellsam.com\/pt-pt\/wp-json\/wp\/v2\/comments?post=13514"}],"version-history":[{"count":1,"href":"https:\/\/www.vellsam.com\/pt-pt\/wp-json\/wp\/v2\/pages\/13514\/revisions"}],"predecessor-version":[{"id":13515,"href":"https:\/\/www.vellsam.com\/pt-pt\/wp-json\/wp\/v2\/pages\/13514\/revisions\/13515"}],"wp:attachment":[{"href":"https:\/\/www.vellsam.com\/pt-pt\/wp-json\/wp\/v2\/media?parent=13514"}],"curies":[{"name":"wp","href":"https:\/\/api.w.org\/{rel}","templated":true}]}}