{"id":13477,"date":"2023-02-01T16:02:37","date_gmt":"2023-02-01T15:02:37","guid":{"rendered":"https:\/\/www.vellsam.com\/compromisso\/"},"modified":"2024-05-13T15:30:36","modified_gmt":"2024-05-13T14:30:36","slug":"compromisso","status":"publish","type":"page","link":"https:\/\/www.vellsam.com\/pt-pt\/compromisso\/","title":{"rendered":"Compromisso"},"content":{"rendered":"\t\t<div data-elementor-type=\"wp-page\" data-elementor-id=\"13477\" class=\"elementor elementor-13477 elementor-10763\" data-elementor-post-type=\"page\">\n\t\t\t\t\t\t<section class=\"elementor-section elementor-top-section elementor-element elementor-element-aebe8b5 elementor-section-full_width elementor-section-height-default elementor-section-height-default qodef-elementor-content-no\" data-id=\"aebe8b5\" data-element_type=\"section\" data-e-type=\"section\" data-settings=\"{&quot;background_background&quot;:&quot;classic&quot;}\">\n\t\t\t\t\t\t<div class=\"elementor-container elementor-column-gap-default\">\n\t\t\t\t\t<div class=\"elementor-column elementor-col-50 elementor-top-column elementor-element elementor-element-3ab975b\" data-id=\"3ab975b\" data-element_type=\"column\" data-e-type=\"column\">\n\t\t\t<div class=\"elementor-widget-wrap elementor-element-populated\">\n\t\t\t\t\t\t<div class=\"elementor-element elementor-element-41eaed4 elementor-widget elementor-widget-halstein_core_section_title\" data-id=\"41eaed4\" data-element_type=\"widget\" data-e-type=\"widget\" data-widget_type=\"halstein_core_section_title.default\">\n\t\t\t\t<div class=\"elementor-widget-container\">\n\t\t\t\t\t<div class=\"qodef-shortcode qodef-m  qodef-section-title qodef-alignment--left qodef-title-break--disabled qodef-text-field-break--disabled\">\n\t\t\t<h2 class=\"qodef-m-title\" style=\"color: #F96F12\">\n\t\t\t\t\tInvestigar o presente<br> para melhorar<br> o futuro.\t\t\t<\/h2>\n\t\t\t<p class=\"qodef-m-text-field\" >\n\t\tA Vellsam colabora com a Universidade<br \/> de Granada, na c\u00e1tedra Vellsam-UGR de inova\u00e7\u00e3o<br \/> em nutri\u00e7\u00e3o e sa\u00fade, investigando os efeitos<br \/> dos produtos hortofrut\u00edcolas e das<br \/> subst\u00e2ncias bioactivas e desenvolvendo novos<br \/> produtos agr\u00edcolas destinados \u00e0 preven\u00e7\u00e3o do<br \/> cancro e \u00e0 sa\u00fade cardiovascular.\t<\/p>\n\t<\/div>\n\t\t\t\t<\/div>\n\t\t\t\t<\/div>\n\t\t\t\t<div class=\"elementor-element elementor-element-73ec2ae elementor-widget elementor-widget-qi_addons_for_elementor_button\" data-id=\"73ec2ae\" data-element_type=\"widget\" data-e-type=\"widget\" data-widget_type=\"qi_addons_for_elementor_button.default\">\n\t\t\t\t<div class=\"elementor-widget-container\">\n\t\t\t\t\t<a class=\"qodef-shortcode qodef-m qodef-qi-button qodef-html--link qodef-layout--outlined qodef-type--standard qodef-icon--right qodef-hover--icon-move-horizontal-short\" href=\"https:\/\/www.vellsam.com\/pt-pt\/esta-em-curso-uma-cadeira-de-investigacao-sobre-os-efeitos-sanitarios-dos-produtos-biotecnologicos-na-cultura-do-tomate\/\" target=\"_self\">\n\t<span class=\"qodef-m-text\">SAIBA MAIS<\/span>\n\t<\/a>\n\t\t\t\t<\/div>\n\t\t\t\t<\/div>\n\t\t\t\t\t<\/div>\n\t\t<\/div>\n\t\t\t\t<div class=\"elementor-column elementor-col-50 elementor-top-column elementor-element elementor-element-ce7d780\" data-id=\"ce7d780\" data-element_type=\"column\" data-e-type=\"column\">\n\t\t\t<div class=\"elementor-widget-wrap elementor-element-populated\">\n\t\t\t\t\t\t<div class=\"elementor-element elementor-element-c47838a elementor-widget elementor-widget-image\" data-id=\"c47838a\" data-element_type=\"widget\" data-e-type=\"widget\" data-widget_type=\"image.default\">\n\t\t\t\t<div class=\"elementor-widget-container\">\n\t\t\t\t\t\t\t\t\t\t\t\t\t\t\t<img fetchpriority=\"high\" decoding=\"async\" width=\"1000\" height=\"865\" src=\"https:\/\/www.vellsam.com\/wp-content\/uploads\/2023\/02\/vellsam-compromiso.jpg\" class=\"attachment-large size-large wp-image-13127\" alt=\"\" srcset=\"https:\/\/www.vellsam.com\/wp-content\/uploads\/2023\/02\/vellsam-compromiso.jpg 1000w, https:\/\/www.vellsam.com\/wp-content\/uploads\/2023\/02\/vellsam-compromiso-300x260.jpg 300w, https:\/\/www.vellsam.com\/wp-content\/uploads\/2023\/02\/vellsam-compromiso-768x664.jpg 768w\" sizes=\"(max-width: 1000px) 100vw, 1000px\" \/>\t\t\t\t\t\t\t\t\t\t\t\t\t\t\t<\/div>\n\t\t\t\t<\/div>\n\t\t\t\t\t<\/div>\n\t\t<\/div>\n\t\t\t\t\t<\/div>\n\t\t<\/section>\n\t\t\t\t<section class=\"elementor-section elementor-top-section elementor-element elementor-element-8d10db2 elementor-section-full_width elementor-reverse-mobile elementor-hidden-desktop elementor-hidden-tablet elementor-hidden-mobile elementor-section-height-default elementor-section-height-default qodef-elementor-content-no\" data-id=\"8d10db2\" data-element_type=\"section\" data-e-type=\"section\" data-settings=\"{&quot;background_background&quot;:&quot;classic&quot;}\">\n\t\t\t\t\t\t<div class=\"elementor-container elementor-column-gap-no\">\n\t\t\t\t\t<div class=\"elementor-column elementor-col-50 elementor-top-column elementor-element elementor-element-cc1adc2\" data-id=\"cc1adc2\" data-element_type=\"column\" data-e-type=\"column\">\n\t\t\t<div class=\"elementor-widget-wrap elementor-element-populated\">\n\t\t\t\t\t\t<div class=\"elementor-element elementor-element-acd1e9d elementor-widget elementor-widget-image\" data-id=\"acd1e9d\" data-element_type=\"widget\" data-e-type=\"widget\" data-widget_type=\"image.default\">\n\t\t\t\t<div class=\"elementor-widget-container\">\n\t\t\t\t\t\t\t\t\t\t\t\t\t\t\t<img decoding=\"async\" width=\"1000\" height=\"948\" src=\"https:\/\/www.vellsam.com\/wp-content\/uploads\/2023\/02\/vellsam-compromiso-3.jpg\" class=\"attachment-large size-large wp-image-13129\" alt=\"\" srcset=\"https:\/\/www.vellsam.com\/wp-content\/uploads\/2023\/02\/vellsam-compromiso-3.jpg 1000w, https:\/\/www.vellsam.com\/wp-content\/uploads\/2023\/02\/vellsam-compromiso-3-300x284.jpg 300w, https:\/\/www.vellsam.com\/wp-content\/uploads\/2023\/02\/vellsam-compromiso-3-768x728.jpg 768w\" sizes=\"(max-width: 1000px) 100vw, 1000px\" \/>\t\t\t\t\t\t\t\t\t\t\t\t\t\t\t<\/div>\n\t\t\t\t<\/div>\n\t\t\t\t\t<\/div>\n\t\t<\/div>\n\t\t\t\t<div class=\"elementor-column elementor-col-50 elementor-top-column elementor-element elementor-element-f92133a\" data-id=\"f92133a\" data-element_type=\"column\" data-e-type=\"column\">\n\t\t\t<div class=\"elementor-widget-wrap elementor-element-populated\">\n\t\t\t\t\t\t<div class=\"elementor-element elementor-element-2a36025 elementor-widget elementor-widget-heading\" data-id=\"2a36025\" data-element_type=\"widget\" data-e-type=\"widget\" data-widget_type=\"heading.default\">\n\t\t\t\t<div class=\"elementor-widget-container\">\n\t\t\t\t\t<h3 class=\"elementor-heading-title elementor-size-default\">Juntos mudamos o mundo.<\/h3>\t\t\t\t<\/div>\n\t\t\t\t<\/div>\n\t\t\t\t<div class=\"elementor-element elementor-element-18f97f9 elementor-widget__width-initial elementor-widget elementor-widget-text-editor\" data-id=\"18f97f9\" data-element_type=\"widget\" data-e-type=\"widget\" data-widget_type=\"text-editor.default\">\n\t\t\t\t<div class=\"elementor-widget-container\">\n\t\t\t\t\t\t\t\t\t<p>A Vellsam criou a Funda\u00e7\u00e3o Zamora Castillo com o objetivo de<\/p>\n<p>&#8211; Contribuir para o progresso econ\u00f3mico e cultural e para o bem-estar social.<\/p>\n<p>&#8211; Contribuir para o desenvolvimento do talento dos jovens que se destacam nos diferentes n\u00edveis de ensino, com especial aten\u00e7\u00e3o para os jovens com recursos econ\u00f3micos limitados.<\/p>\n<p>&#8211; Incentivar e colaborar com o desenvolvimento da economia social, com destaque para a agricultura.<\/p>\n<p>&#8211; Desenvolvimento e execu\u00e7\u00e3o de todos os tipos de actividades destinadas a promover o esp\u00edrito empresarial e a investiga\u00e7\u00e3o cient\u00edfica e o desenvolvimento tecnol\u00f3gico.<\/p>\n<p>&#8211; Incentivar a prote\u00e7\u00e3o e a defesa do ambiente e a promo\u00e7\u00e3o de estilos de vida saud\u00e1veis.<\/p>\n\t\t\t\t\t\t\t\t<\/div>\n\t\t\t\t<\/div>\n\t\t\t\t<div class=\"elementor-element elementor-element-7e89f60 elementor-widget elementor-widget-qi_addons_for_elementor_button\" data-id=\"7e89f60\" data-element_type=\"widget\" data-e-type=\"widget\" data-widget_type=\"qi_addons_for_elementor_button.default\">\n\t\t\t\t<div class=\"elementor-widget-container\">\n\t\t\t\t\t<a class=\"qodef-shortcode qodef-m qodef-qi-button qodef-html--link qodef-layout--outlined qodef-type--standard qodef-icon--right qodef-hover--icon-move-horizontal-short\" href=\"#\" target=\"_self\">\n\t<span class=\"qodef-m-text\">SAIBA MAIS<\/span>\n\t<\/a>\n\t\t\t\t<\/div>\n\t\t\t\t<\/div>\n\t\t\t\t\t<\/div>\n\t\t<\/div>\n\t\t\t\t\t<\/div>\n\t\t<\/section>\n\t\t\t\t<section class=\"elementor-section elementor-top-section elementor-element elementor-element-8ca2c5e elementor-section-full_width elementor-section-height-default elementor-section-height-default qodef-elementor-content-no\" data-id=\"8ca2c5e\" data-element_type=\"section\" data-e-type=\"section\" data-settings=\"{&quot;background_background&quot;:&quot;classic&quot;}\">\n\t\t\t\t\t\t<div class=\"elementor-container elementor-column-gap-no\">\n\t\t\t\t\t<div class=\"elementor-column elementor-col-50 elementor-top-column elementor-element elementor-element-665621f\" data-id=\"665621f\" data-element_type=\"column\" data-e-type=\"column\">\n\t\t\t<div class=\"elementor-widget-wrap elementor-element-populated\">\n\t\t\t\t\t\t<div class=\"elementor-element elementor-element-8f2742c elementor-widget elementor-widget-image\" data-id=\"8f2742c\" data-element_type=\"widget\" data-e-type=\"widget\" data-widget_type=\"image.default\">\n\t\t\t\t<div class=\"elementor-widget-container\">\n\t\t\t\t\t\t\t\t\t\t\t\t\t\t\t<img decoding=\"async\" width=\"732\" height=\"635\" src=\"https:\/\/www.vellsam.com\/wp-content\/uploads\/2023\/04\/imagen-vellsam_2.jpg\" class=\"attachment-full size-full wp-image-13205\" alt=\"\" srcset=\"https:\/\/www.vellsam.com\/wp-content\/uploads\/2023\/04\/imagen-vellsam_2.jpg 732w, https:\/\/www.vellsam.com\/wp-content\/uploads\/2023\/04\/imagen-vellsam_2-300x260.jpg 300w, https:\/\/www.vellsam.com\/wp-content\/uploads\/2023\/04\/imagen-vellsam_2-24x21.jpg 24w, https:\/\/www.vellsam.com\/wp-content\/uploads\/2023\/04\/imagen-vellsam_2-36x31.jpg 36w, https:\/\/www.vellsam.com\/wp-content\/uploads\/2023\/04\/imagen-vellsam_2-48x42.jpg 48w\" sizes=\"(max-width: 732px) 100vw, 732px\" \/>\t\t\t\t\t\t\t\t\t\t\t\t\t\t\t<\/div>\n\t\t\t\t<\/div>\n\t\t\t\t\t<\/div>\n\t\t<\/div>\n\t\t\t\t<div class=\"elementor-column elementor-col-50 elementor-top-column elementor-element elementor-element-262fab9\" data-id=\"262fab9\" data-element_type=\"column\" data-e-type=\"column\">\n\t\t\t<div class=\"elementor-widget-wrap elementor-element-populated\">\n\t\t\t\t\t\t<div class=\"elementor-element elementor-element-c58f827 elementor-widget elementor-widget-halstein_core_section_title\" data-id=\"c58f827\" data-element_type=\"widget\" data-e-type=\"widget\" data-widget_type=\"halstein_core_section_title.default\">\n\t\t\t\t<div class=\"elementor-widget-container\">\n\t\t\t\t\t<div class=\"qodef-shortcode qodef-m  qodef-section-title qodef-alignment--left qodef-title-break--disabled qodef-text-field-break--disabled\">\n\t\t\t<h3 class=\"qodef-m-title\" style=\"color: #F96F12\">\n\t\t\t\t\tO desporto como<br> parte da mudan\u00e7a.\t\t\t<\/h3>\n\t\t\t<p class=\"qodef-m-text-field\" >\n\t\tNa Vellsam, estamos conscientes dos muitos benef\u00edcios<br \/> que a atividade f\u00edsica traz \u00e0s pessoas, e \u00e9<br \/> por isso que cri\u00e1mos um Clube Desportivo<br \/> com um firme compromisso com a sa\u00fade do nosso ambiente.\n<br><br>\n\nA Vellsam Team foi criada com<br \/> o objetivo de dar a oportunidade<br \/> \u00e0s jovens promessas do mundo do desporto,<br \/> que desejam continuar a sua progress\u00e3o<br \/> ao mais alto n\u00edvel de<br \/> competi\u00e7\u00e3o, colaborando assim com v\u00e1rias modalidades<br \/> desportivas que promovem a inclus\u00e3o e a integridade a<br \/> partir da cria\u00e7\u00e3o de uma comunidade tolerante e igualit\u00e1ria.\t<\/p>\n\t<\/div>\n\t\t\t\t<\/div>\n\t\t\t\t<\/div>\n\t\t\t\t\t<\/div>\n\t\t<\/div>\n\t\t\t\t\t<\/div>\n\t\t<\/section>\n\t\t\t\t<\/div>\n\t\t","protected":false},"excerpt":{"rendered":"<p>Investigar o presente para melhorar o futuro. A Vellsam colabora com a Universidade de Granada, na c\u00e1tedra Vellsam-UGR de inova\u00e7\u00e3o em nutri\u00e7\u00e3o e sa\u00fade, investigando os efeitos dos produtos hortofrut\u00edcolas e das subst\u00e2ncias bioactivas e desenvolvendo novos produtos agr\u00edcolas destinados \u00e0 preven\u00e7\u00e3o do cancro e \u00e0 sa\u00fade cardiovascular. SAIBA MAIS Juntos mudamos o mundo. A [&hellip;]<\/p>\n","protected":false},"author":1,"featured_media":0,"parent":0,"menu_order":0,"comment_status":"closed","ping_status":"closed","template":"page-full-width.php","meta":{"_acf_changed":false,"om_disable_all_campaigns":false,"_monsterinsights_skip_tracking":false,"_monsterinsights_sitenote_active":false,"_monsterinsights_sitenote_note":"","_monsterinsights_sitenote_category":0,"_uf_show_specific_survey":0,"_uf_disable_surveys":false,"footnotes":""},"class_list":["post-13477","page","type-page","status-publish","hentry"],"acf":[],"yoast_head":"<!-- This site is optimized with the Yoast SEO plugin v27.3 - https:\/\/yoast.com\/product\/yoast-seo-wordpress\/ -->\n<title>Compromisso - Vellsam<\/title>\n<meta name=\"robots\" content=\"index, follow, max-snippet:-1, max-image-preview:large, max-video-preview:-1\" \/>\n<link rel=\"canonical\" href=\"https:\/\/www.vellsam.com\/compromiso\/\" \/>\n<meta property=\"og:locale\" content=\"pt_PT\" \/>\n<meta property=\"og:type\" content=\"article\" \/>\n<meta property=\"og:title\" content=\"Compromisso - Vellsam\" \/>\n<meta property=\"og:description\" content=\"Investigar o presente para melhorar o futuro. A Vellsam colabora com a Universidade de Granada, na c\u00e1tedra Vellsam-UGR de inova\u00e7\u00e3o em nutri\u00e7\u00e3o e sa\u00fade, investigando os efeitos dos produtos hortofrut\u00edcolas e das subst\u00e2ncias bioactivas e desenvolvendo novos produtos agr\u00edcolas destinados \u00e0 preven\u00e7\u00e3o do cancro e \u00e0 sa\u00fade cardiovascular. SAIBA MAIS Juntos mudamos o mundo. A [&hellip;]\" \/>\n<meta property=\"og:url\" content=\"https:\/\/www.vellsam.com\/compromiso\/\" \/>\n<meta property=\"og:site_name\" content=\"Vellsam\" \/>\n<meta property=\"article:publisher\" content=\"https:\/\/www.facebook.com\/vellsam.mb\" \/>\n<meta property=\"article:modified_time\" content=\"2024-05-13T14:30:36+00:00\" \/>\n<meta property=\"og:image\" content=\"https:\/\/www.vellsam.com\/wp-content\/uploads\/2023\/02\/vellsam-compromiso.jpg\" \/>\n<meta name=\"twitter:card\" content=\"summary_large_image\" \/>\n<meta name=\"twitter:site\" content=\"@Vellsam_MB\" \/>\n<meta name=\"twitter:label1\" content=\"Tempo estimado de leitura\" \/>\n\t<meta name=\"twitter:data1\" content=\"2 minutos\" \/>\n<script type=\"application\/ld+json\" class=\"yoast-schema-graph\">{\"@context\":\"https:\\\/\\\/schema.org\",\"@graph\":[{\"@type\":\"WebPage\",\"@id\":\"https:\\\/\\\/www.vellsam.com\\\/compromiso\\\/\",\"url\":\"https:\\\/\\\/www.vellsam.com\\\/compromiso\\\/\",\"name\":\"Compromisso - Vellsam\",\"isPartOf\":{\"@id\":\"https:\\\/\\\/www.vellsam.com\\\/#website\"},\"primaryImageOfPage\":{\"@id\":\"https:\\\/\\\/www.vellsam.com\\\/compromiso\\\/#primaryimage\"},\"image\":{\"@id\":\"https:\\\/\\\/www.vellsam.com\\\/compromiso\\\/#primaryimage\"},\"thumbnailUrl\":\"https:\\\/\\\/www.vellsam.com\\\/wp-content\\\/uploads\\\/2023\\\/02\\\/vellsam-compromiso.jpg\",\"datePublished\":\"2023-02-01T15:02:37+00:00\",\"dateModified\":\"2024-05-13T14:30:36+00:00\",\"breadcrumb\":{\"@id\":\"https:\\\/\\\/www.vellsam.com\\\/compromiso\\\/#breadcrumb\"},\"inLanguage\":\"pt-PT\",\"potentialAction\":[{\"@type\":\"ReadAction\",\"target\":[\"https:\\\/\\\/www.vellsam.com\\\/compromiso\\\/\"]}]},{\"@type\":\"ImageObject\",\"inLanguage\":\"pt-PT\",\"@id\":\"https:\\\/\\\/www.vellsam.com\\\/compromiso\\\/#primaryimage\",\"url\":\"https:\\\/\\\/www.vellsam.com\\\/wp-content\\\/uploads\\\/2023\\\/02\\\/vellsam-compromiso.jpg\",\"contentUrl\":\"https:\\\/\\\/www.vellsam.com\\\/wp-content\\\/uploads\\\/2023\\\/02\\\/vellsam-compromiso.jpg\"},{\"@type\":\"BreadcrumbList\",\"@id\":\"https:\\\/\\\/www.vellsam.com\\\/compromiso\\\/#breadcrumb\",\"itemListElement\":[{\"@type\":\"ListItem\",\"position\":1,\"name\":\"Portada\",\"item\":\"https:\\\/\\\/www.vellsam.com\\\/\"},{\"@type\":\"ListItem\",\"position\":2,\"name\":\"Compromisso\"}]},{\"@type\":\"WebSite\",\"@id\":\"https:\\\/\\\/www.vellsam.com\\\/#website\",\"url\":\"https:\\\/\\\/www.vellsam.com\\\/\",\"name\":\"Vellsam\",\"description\":\"Soluciones biotecnol\u00f3gicas para el desarrollo agr\u00edcola\",\"publisher\":{\"@id\":\"https:\\\/\\\/www.vellsam.com\\\/#organization\"},\"potentialAction\":[{\"@type\":\"SearchAction\",\"target\":{\"@type\":\"EntryPoint\",\"urlTemplate\":\"https:\\\/\\\/www.vellsam.com\\\/?s={search_term_string}\"},\"query-input\":{\"@type\":\"PropertyValueSpecification\",\"valueRequired\":true,\"valueName\":\"search_term_string\"}}],\"inLanguage\":\"pt-PT\"},{\"@type\":\"Organization\",\"@id\":\"https:\\\/\\\/www.vellsam.com\\\/#organization\",\"name\":\"Vellsam\",\"url\":\"https:\\\/\\\/www.vellsam.com\\\/\",\"logo\":{\"@type\":\"ImageObject\",\"inLanguage\":\"pt-PT\",\"@id\":\"https:\\\/\\\/www.vellsam.com\\\/#\\\/schema\\\/logo\\\/image\\\/\",\"url\":\"https:\\\/\\\/www.vellsam.com\\\/wp-content\\\/uploads\\\/2023\\\/01\\\/vellsam-logo.png\",\"contentUrl\":\"https:\\\/\\\/www.vellsam.com\\\/wp-content\\\/uploads\\\/2023\\\/01\\\/vellsam-logo.png\",\"width\":340,\"height\":59,\"caption\":\"Vellsam\"},\"image\":{\"@id\":\"https:\\\/\\\/www.vellsam.com\\\/#\\\/schema\\\/logo\\\/image\\\/\"},\"sameAs\":[\"https:\\\/\\\/www.facebook.com\\\/vellsam.mb\",\"https:\\\/\\\/x.com\\\/Vellsam_MB\",\"https:\\\/\\\/www.linkedin.com\\\/company\\\/11061739\\\/\"]}]}<\/script>\n<!-- \/ Yoast SEO plugin. -->","yoast_head_json":{"title":"Compromisso - Vellsam","robots":{"index":"index","follow":"follow","max-snippet":"max-snippet:-1","max-image-preview":"max-image-preview:large","max-video-preview":"max-video-preview:-1"},"canonical":"https:\/\/www.vellsam.com\/compromiso\/","og_locale":"pt_PT","og_type":"article","og_title":"Compromisso - Vellsam","og_description":"Investigar o presente para melhorar o futuro. A Vellsam colabora com a Universidade de Granada, na c\u00e1tedra Vellsam-UGR de inova\u00e7\u00e3o em nutri\u00e7\u00e3o e sa\u00fade, investigando os efeitos dos produtos hortofrut\u00edcolas e das subst\u00e2ncias bioactivas e desenvolvendo novos produtos agr\u00edcolas destinados \u00e0 preven\u00e7\u00e3o do cancro e \u00e0 sa\u00fade cardiovascular. SAIBA MAIS Juntos mudamos o mundo. A [&hellip;]","og_url":"https:\/\/www.vellsam.com\/compromiso\/","og_site_name":"Vellsam","article_publisher":"https:\/\/www.facebook.com\/vellsam.mb","article_modified_time":"2024-05-13T14:30:36+00:00","og_image":[{"url":"https:\/\/www.vellsam.com\/wp-content\/uploads\/2023\/02\/vellsam-compromiso.jpg","type":"","width":"","height":""}],"twitter_card":"summary_large_image","twitter_site":"@Vellsam_MB","twitter_misc":{"Tempo estimado de leitura":"2 minutos"},"schema":{"@context":"https:\/\/schema.org","@graph":[{"@type":"WebPage","@id":"https:\/\/www.vellsam.com\/compromiso\/","url":"https:\/\/www.vellsam.com\/compromiso\/","name":"Compromisso - Vellsam","isPartOf":{"@id":"https:\/\/www.vellsam.com\/#website"},"primaryImageOfPage":{"@id":"https:\/\/www.vellsam.com\/compromiso\/#primaryimage"},"image":{"@id":"https:\/\/www.vellsam.com\/compromiso\/#primaryimage"},"thumbnailUrl":"https:\/\/www.vellsam.com\/wp-content\/uploads\/2023\/02\/vellsam-compromiso.jpg","datePublished":"2023-02-01T15:02:37+00:00","dateModified":"2024-05-13T14:30:36+00:00","breadcrumb":{"@id":"https:\/\/www.vellsam.com\/compromiso\/#breadcrumb"},"inLanguage":"pt-PT","potentialAction":[{"@type":"ReadAction","target":["https:\/\/www.vellsam.com\/compromiso\/"]}]},{"@type":"ImageObject","inLanguage":"pt-PT","@id":"https:\/\/www.vellsam.com\/compromiso\/#primaryimage","url":"https:\/\/www.vellsam.com\/wp-content\/uploads\/2023\/02\/vellsam-compromiso.jpg","contentUrl":"https:\/\/www.vellsam.com\/wp-content\/uploads\/2023\/02\/vellsam-compromiso.jpg"},{"@type":"BreadcrumbList","@id":"https:\/\/www.vellsam.com\/compromiso\/#breadcrumb","itemListElement":[{"@type":"ListItem","position":1,"name":"Portada","item":"https:\/\/www.vellsam.com\/"},{"@type":"ListItem","position":2,"name":"Compromisso"}]},{"@type":"WebSite","@id":"https:\/\/www.vellsam.com\/#website","url":"https:\/\/www.vellsam.com\/","name":"Vellsam","description":"Soluciones biotecnol\u00f3gicas para el desarrollo agr\u00edcola","publisher":{"@id":"https:\/\/www.vellsam.com\/#organization"},"potentialAction":[{"@type":"SearchAction","target":{"@type":"EntryPoint","urlTemplate":"https:\/\/www.vellsam.com\/?s={search_term_string}"},"query-input":{"@type":"PropertyValueSpecification","valueRequired":true,"valueName":"search_term_string"}}],"inLanguage":"pt-PT"},{"@type":"Organization","@id":"https:\/\/www.vellsam.com\/#organization","name":"Vellsam","url":"https:\/\/www.vellsam.com\/","logo":{"@type":"ImageObject","inLanguage":"pt-PT","@id":"https:\/\/www.vellsam.com\/#\/schema\/logo\/image\/","url":"https:\/\/www.vellsam.com\/wp-content\/uploads\/2023\/01\/vellsam-logo.png","contentUrl":"https:\/\/www.vellsam.com\/wp-content\/uploads\/2023\/01\/vellsam-logo.png","width":340,"height":59,"caption":"Vellsam"},"image":{"@id":"https:\/\/www.vellsam.com\/#\/schema\/logo\/image\/"},"sameAs":["https:\/\/www.facebook.com\/vellsam.mb","https:\/\/x.com\/Vellsam_MB","https:\/\/www.linkedin.com\/company\/11061739\/"]}]}},"_links":{"self":[{"href":"https:\/\/www.vellsam.com\/pt-pt\/wp-json\/wp\/v2\/pages\/13477","targetHints":{"allow":["GET"]}}],"collection":[{"href":"https:\/\/www.vellsam.com\/pt-pt\/wp-json\/wp\/v2\/pages"}],"about":[{"href":"https:\/\/www.vellsam.com\/pt-pt\/wp-json\/wp\/v2\/types\/page"}],"author":[{"embeddable":true,"href":"https:\/\/www.vellsam.com\/pt-pt\/wp-json\/wp\/v2\/users\/1"}],"replies":[{"embeddable":true,"href":"https:\/\/www.vellsam.com\/pt-pt\/wp-json\/wp\/v2\/comments?post=13477"}],"version-history":[{"count":10,"href":"https:\/\/www.vellsam.com\/pt-pt\/wp-json\/wp\/v2\/pages\/13477\/revisions"}],"predecessor-version":[{"id":15055,"href":"https:\/\/www.vellsam.com\/pt-pt\/wp-json\/wp\/v2\/pages\/13477\/revisions\/15055"}],"wp:attachment":[{"href":"https:\/\/www.vellsam.com\/pt-pt\/wp-json\/wp\/v2\/media?parent=13477"}],"curies":[{"name":"wp","href":"https:\/\/api.w.org\/{rel}","templated":true}]}}