{"id":13462,"date":"2023-02-20T12:02:13","date_gmt":"2023-02-20T11:02:13","guid":{"rendered":"https:\/\/www.vellsam.com\/aviso-legal\/"},"modified":"2024-05-13T11:24:03","modified_gmt":"2024-05-13T10:24:03","slug":"aviso-legal","status":"publish","type":"page","link":"https:\/\/www.vellsam.com\/pt-pt\/aviso-legal\/","title":{"rendered":"Aviso legal"},"content":{"rendered":"\n<p><\/p>\n\n<p><strong>Informa\u00e7\u00f5es gerais:<\/strong><br\/>Obrigado por visitar o nosso s\u00edtio Web. A VELLSAM MATERIAS BIOACTIVAS SL, coloca \u00e0 disposi\u00e7\u00e3o dos utilizadores o presente documento com o qual pretende dar cumprimento \u00e0s obriga\u00e7\u00f5es estabelecidas na Lei 34\/2002, de Servi\u00e7os da Sociedade da Informa\u00e7\u00e3o e do Com\u00e9rcio Eletr\u00f3nico (LSSI-CE), e informar todos os utilizadores das condi\u00e7\u00f5es de utiliza\u00e7\u00e3o do nosso portal de Internet (doravante, o Portal), pelo que recomendamos a sua leitura atenta antes de come\u00e7ar a utiliz\u00e1-lo.<\/p>\n\n<p><strong>Propriedade:<\/strong><br\/>Abaixo encontra as informa\u00e7\u00f5es gerais sobre a propriedade deste Portal:<br\/>\uf0b7 Titular : VELLSAM MATERIAS BIOACTIVAS S.L.<br\/>\uf0b7 NIF: B04333340<br\/>\uf0b7 Endere\u00e7o : Ctra. Nacional 340 a, km 477, 04200, Tabernas, Almer\u00eda<br\/>\uf0b7 Informa\u00e7\u00f5es de contacto: <a href=\"mailto:vellsam@vellsam.com\">vellsam@vellsam.com<\/a> ou + 34 950 36 93 18<br\/>\uf0b7 Dados do registo: Registo Mercantil de Almeria, Folha 13516, F\u00f3lio 163, Volume 494, Sec\u00e7\u00e3o 8<\/p>\n\n<p><strong>Utilizadores:<\/strong><br\/>Ao aceder e\/ou utilizar o Portal, o utilizador adquire a condi\u00e7\u00e3o de utilizador, aceitando, a partir desse momento e sem exce\u00e7\u00e3o, o conte\u00fado inclu\u00eddo no presente Aviso Legal (&#8220;Condi\u00e7\u00f5es Gerais&#8221;), bem como as Condi\u00e7\u00f5es Particulares que, em rela\u00e7\u00e3o a determinados servi\u00e7os e conte\u00fados do Portal (&#8220;Servi\u00e7os&#8221;), complementam, modificam ou substituem as anteriores. Por conseguinte, se n\u00e3o estiver de acordo com as considera\u00e7\u00f5es detalhadas no presente Aviso Legal, n\u00e3o utilize o Portal, uma vez que qualquer utiliza\u00e7\u00e3o que fa\u00e7a do mesmo ou dos servi\u00e7os e conte\u00fados nele inclu\u00eddos implicar\u00e1 a aceita\u00e7\u00e3o dos termos legais inclu\u00eddos neste texto.<br\/>Da mesma forma, qualquer pessoa que aceda a este s\u00edtio Web assume o papel de utilizador, comprometendo-se a respeitar e a cumprir rigorosamente as disposi\u00e7\u00f5es do presente documento, bem como toda a regulamenta\u00e7\u00e3o aplic\u00e1vel.<\/p>\n\n<p><strong>Modifica\u00e7\u00f5es de conte\u00fado:<\/strong><br\/>A VELLSAM MATERIAS BIOACTIVAS SL reserva-se o direito de realizar altera\u00e7\u00f5es no Portal sem aviso pr\u00e9vio, com o fim de atualizar, corrigir, modificar, acrescentar ou eliminar os conte\u00fados.<br\/>do Portal ou da sua conce\u00e7\u00e3o. Os conte\u00fados e servi\u00e7os oferecidos pelo Portal s\u00e3o actualizados periodicamente. Como a atualiza\u00e7\u00e3o das informa\u00e7\u00f5es n\u00e3o \u00e9 imediata, sugerimos que verifique sempre a atualidade e a exatid\u00e3o das informa\u00e7\u00f5es, dos servi\u00e7os e dos conte\u00fados.<br\/>recolhidos no Portal.<\/p>\n\n<p><strong>Responsabilidade:<\/strong><br\/>A Vellsam Materias Bioactivas SL est\u00e1 isenta de qualquer tipo de responsabilidade derivada da informa\u00e7\u00e3o publicada no seu s\u00edtio web, sempre que esta informa\u00e7\u00e3o tenha sido manipulada ou introduzida por um terceiro alheio ao mesmo. A Vellsam Materias Bioactivas SL declara que remover\u00e1 imediatamente qualquer conte\u00fado que possa violar a legisla\u00e7\u00e3o nacional ou internacional, a moral ou a ordem p\u00fablica, procedendo \u00e0 retirada imediata do redireccionamento para o referido site, informando as autoridades competentes do conte\u00fado em quest\u00e3o. Vellsam Materias Bioactivas SL n\u00e3o se responsabiliza pela informa\u00e7\u00e3o e conte\u00fados armazenados, a t\u00edtulo enunciativo mas n\u00e3o limitativo, em f\u00f3runs, chat&#8217;s, geradores de blogues, coment\u00e1rios, redes sociais ou qualquer outro meio que permita a terceiros publicar conte\u00fados de forma independente no s\u00edtio web do prestador. N\u00e3o obstante, e em conformidade com o disposto nos artigos 11\u00ba e 16\u00ba da LSSI-CE, o fornecedor coloca-se \u00e0 disposi\u00e7\u00e3o de todos os utilizadores, autoridades e for\u00e7as de seguran\u00e7a, e colabora ativamente na elimina\u00e7\u00e3o ou bloqueio de todos os conte\u00fados que possam afetar ou infringir a legisla\u00e7\u00e3o nacional ou internacional, os direitos de terceiros ou a moral e a ordem p\u00fablica. Caso o utilizador considere que existe algum conte\u00fado no s\u00edtio Web que possa ser suscet\u00edvel de ser classificado como tal, deve notificar imediatamente o administrador do s\u00edtio Web. Este s\u00edtio Web foi revisto e testado para garantir o seu correto funcionamento. Em princ\u00edpio, o funcionamento correto pode ser garantido 365 dias por ano, 24 horas por dia. No entanto, a Vellsam Materias Bioactivas SL n\u00e3o exclui a possibilidade da exist\u00eancia de determinados erros de programa\u00e7\u00e3o, nem a ocorr\u00eancia de casos de for\u00e7a maior, cat\u00e1strofes naturais, greves ou circunst\u00e2ncias semelhantes que impossibilitem o acesso ao s\u00edtio Web.<\/p>\n\n<p><strong>Utiliza\u00e7\u00e3o de cookies:<\/strong><br\/>Este s\u00edtio Web utiliza cookies pr\u00f3prios e de terceiros (pequenos ficheiros de informa\u00e7\u00e3o que o servidor envia para o computador da pessoa que acede \u00e0 p\u00e1gina) para realizar determinadas fun\u00e7\u00f5es que s\u00e3o consideradas essenciais para o correto funcionamento e visualiza\u00e7\u00e3o do s\u00edtio. Os cookies utilizados no s\u00edtio Web s\u00e3o, em qualquer caso, de natureza tempor\u00e1ria, com o \u00fanico objetivo de tornar mais eficaz a transmiss\u00e3o posterior, e desaparecem quando a sess\u00e3o do utilizador termina. Em nenhuma circunst\u00e2ncia os cookies ser\u00e3o utilizados para recolher informa\u00e7\u00f5es pessoais.  <\/p>\n\n<p><strong>Pol\u00edtica de privacidade. Prote\u00e7\u00e3o de dados pessoais:<\/strong><br\/>VELLSAM MATERIAS BIOACTIVAS SL, com NIF B04333340 e endere\u00e7o: Ctra. Nacional 340 a, km 477, 04200, Tabernas, Almer\u00eda.<\/p>\n\n<p>A Vellsam Materias Bioactivas SL est\u00e1 profundamente empenhada em cumprir a legisla\u00e7\u00e3o espanhola sobre prote\u00e7\u00e3o de dados pessoais e, portanto, os dados pessoais que nos fornecer ser\u00e3o tratados de acordo com as disposi\u00e7\u00f5es da legisla\u00e7\u00e3o atual sobre privacidade que, em particular e sem limita\u00e7\u00e3o, inclui:<\/p>\n\n<p>* Regulamento (UE) 2016\/679 do Parlamento Europeu e do Conselho, de 27 de abril de 2016, relativo \u00e0 prote\u00e7\u00e3o das pessoas singulares no que diz respeito ao tratamento de dados pessoais e \u00e0 livre circula\u00e7\u00e3o desses dados e que revoga a Diretiva 95\/46\/CE &#8211; Regulamento Geral sobre a Prote\u00e7\u00e3o de Dados (a seguir designado &#8220;RGPD&#8221;);  <br\/>* Lei Org\u00e2nica 3\/2018, de 5 de dezembro, de Prote\u00e7\u00e3o de Dados Pessoais e Garantia dos Direitos Digitais (doravante, &#8220;LOPDGDD&#8221;);  <br\/>* Todas as normas nacionais e comunit\u00e1rias que regem o tratamento de dados pessoais.<br\/>* Qualquer regulamento que altere, desenvolva ou substitua os anteriores.<\/p>\n\n<p>Em qualquer momento, qualquer utilizador pode exercer uma s\u00e9rie de direitos relativamente ao tratamento dos seus dados pessoais. Estes direitos s\u00e3o o direito de acesso, o direito de retifica\u00e7\u00e3o, o direito de se opor ou restringir o tratamento, o direito de apagar os dados pessoais dos ficheiros, o direito de portabilidade, o direito de retirar o consentimento para o tratamento e o direito de n\u00e3o ficar sujeito a uma decis\u00e3o baseada exclusivamente no tratamento automatizado, incluindo a defini\u00e7\u00e3o de perfis, que produza efeitos na sua esfera jur\u00eddica ou que o afecte significativamente. Assim, caso considere que trat\u00e1mos os seus dados pessoais de forma inadequada e n\u00e3o conforme com a normativa sobre o tratamento de dados pessoais, ou caso n\u00e3o esteja satisfeito com a forma como trat\u00e1mos o exerc\u00edcio dos seus direitos, pode contactar a VELLSAM MATERIAS BIOACTIVAS SL por correio postal para o seu domic\u00edlio, por telefone ou atrav\u00e9s do seguinte endere\u00e7o de correio eletr\u00f3nico  <a href=\"mailto:vellsam@vellsam.com\">vellsam@vellsam.com.<\/a> De igual modo, pode, a qualquer momento, apresentar uma queixa junto da Ag\u00eancia Espanhola de Prote\u00e7\u00e3o de Dados.  <\/p>\n\n<p><strong>Propriedade intelectual e industrial<\/strong><br\/>Este Portal, incluindo, a t\u00edtulo enunciativo mas n\u00e3o limitativo, a sua programa\u00e7\u00e3o, edi\u00e7\u00e3o, compila\u00e7\u00e3o e demais elementos necess\u00e1rios para o seu funcionamento, desenhos, log\u00f3tipos, textos e\/ou gr\u00e1ficos, \u00e9 propriedade da VELLSAMIAS MATERIAS BIOACTIVAS S.L ou, se for o caso, disp\u00f5e de licen\u00e7a ou autoriza\u00e7\u00e3o expressa dos seus autores. Todos os conte\u00fados do s\u00edtio Web est\u00e3o devidamente protegidos pelas normas de propriedade intelectual e industrial, bem como inscritos nos registos p\u00fablicos correspondentes. Independentemente do fim a que se destinam, a reprodu\u00e7\u00e3o, utiliza\u00e7\u00e3o, explora\u00e7\u00e3o, distribui\u00e7\u00e3o e comercializa\u00e7\u00e3o, total ou parcial, requer, em qualquer caso, a autoriza\u00e7\u00e3o pr\u00e9via por escrito do prestador. Qualquer utiliza\u00e7\u00e3o n\u00e3o autorizada previamente pelo prestador ser\u00e1 considerada uma viola\u00e7\u00e3o grave dos direitos de propriedade intelectual ou industrial do autor.<\/p>\n\n<p>Os desenhos, log\u00f3tipos, textos e\/ou gr\u00e1ficos alheios ao prestador e que possam aparecer no s\u00edtio Web pertencem aos seus respectivos propriet\u00e1rios, sendo eles pr\u00f3prios respons\u00e1veis por qualquer eventual controv\u00e9rsia que possa surgir relativamente aos mesmos. Em todos os casos, o prestador de servi\u00e7os tem a sua autoriza\u00e7\u00e3o pr\u00e9via expressa. A Vellsam Materias Bioactivas SL reconhece a favor dos seus titulares os correspondentes direitos de propriedade industrial e intelectual, pelo que a sua simples men\u00e7\u00e3o ou apari\u00e7\u00e3o no s\u00edtio Web n\u00e3o implica a exist\u00eancia de quaisquer direitos ou responsabilidades do prestador sobre os mesmos, nem o seu aval, patroc\u00ednio ou recomenda\u00e7\u00e3o por parte do mesmo. Para fazer qualquer coment\u00e1rio sobre poss\u00edveis viola\u00e7\u00f5es dos direitos de propriedade intelectual ou industrial, bem como sobre qualquer conte\u00fado do s\u00edtio Web, pode faz\u00ea-lo atrav\u00e9s dos meios de contacto estabelecidos neste s\u00edtio Web.<\/p>\n\n<p><strong>Direito aplic\u00e1vel e jurisdi\u00e7\u00e3o<\/strong><br\/>Para a resolu\u00e7\u00e3o de todos os lit\u00edgios ou quest\u00f5es relacionadas com este s\u00edtio Web ou com as actividades nele desenvolvidas, ser\u00e1 aplic\u00e1vel a legisla\u00e7\u00e3o espanhola. A VELLSAMIAS MATERIAS BIOACTIVAS S.L. e o Utilizador acordam submeter-se aos Julgados e Tribunais do domic\u00edlio do Utilizador, sempre que este se encontre em territ\u00f3rio espanhol, para a resolu\u00e7\u00e3o de qualquer lit\u00edgio que possa derivar da visita ao Portal ou da utiliza\u00e7\u00e3o dos servi\u00e7os que nele se possam oferecer.<\/p>\n","protected":false},"excerpt":{"rendered":"<p>Informa\u00e7\u00f5es gerais:Obrigado por visitar o nosso s\u00edtio Web. A VELLSAM MATERIAS BIOACTIVAS SL, coloca \u00e0 disposi\u00e7\u00e3o dos utilizadores o presente documento com o qual pretende dar cumprimento \u00e0s obriga\u00e7\u00f5es estabelecidas na Lei 34\/2002, de Servi\u00e7os da Sociedade da Informa\u00e7\u00e3o e do Com\u00e9rcio Eletr\u00f3nico (LSSI-CE), e informar todos os utilizadores das condi\u00e7\u00f5es de utiliza\u00e7\u00e3o do nosso [&hellip;]<\/p>\n","protected":false},"author":1,"featured_media":0,"parent":0,"menu_order":0,"comment_status":"closed","ping_status":"closed","template":"","meta":{"_acf_changed":false,"om_disable_all_campaigns":false,"_monsterinsights_skip_tracking":false,"_monsterinsights_sitenote_active":false,"_monsterinsights_sitenote_note":"","_monsterinsights_sitenote_category":0,"_uf_show_specific_survey":0,"_uf_disable_surveys":false,"footnotes":""},"class_list":["post-13462","page","type-page","status-publish","hentry"],"acf":[],"yoast_head":"<!-- This site is optimized with the Yoast SEO plugin v27.5 - https:\/\/yoast.com\/product\/yoast-seo-wordpress\/ -->\n<title>Aviso legal - Vellsam<\/title>\n<meta name=\"robots\" content=\"index, follow, max-snippet:-1, max-image-preview:large, max-video-preview:-1\" \/>\n<link rel=\"canonical\" href=\"https:\/\/www.vellsam.com\/aviso-legal\/\" \/>\n<meta property=\"og:locale\" content=\"pt_PT\" \/>\n<meta property=\"og:type\" content=\"article\" \/>\n<meta property=\"og:title\" content=\"Aviso legal - Vellsam\" \/>\n<meta property=\"og:description\" content=\"Informa\u00e7\u00f5es gerais:Obrigado por visitar o nosso s\u00edtio Web. A VELLSAM MATERIAS BIOACTIVAS SL, coloca \u00e0 disposi\u00e7\u00e3o dos utilizadores o presente documento com o qual pretende dar cumprimento \u00e0s obriga\u00e7\u00f5es estabelecidas na Lei 34\/2002, de Servi\u00e7os da Sociedade da Informa\u00e7\u00e3o e do Com\u00e9rcio Eletr\u00f3nico (LSSI-CE), e informar todos os utilizadores das condi\u00e7\u00f5es de utiliza\u00e7\u00e3o do nosso [&hellip;]\" \/>\n<meta property=\"og:url\" content=\"https:\/\/www.vellsam.com\/aviso-legal\/\" \/>\n<meta property=\"og:site_name\" content=\"Vellsam\" \/>\n<meta property=\"article:publisher\" content=\"https:\/\/www.facebook.com\/vellsam.mb\" \/>\n<meta property=\"article:modified_time\" content=\"2024-05-13T10:24:03+00:00\" \/>\n<meta name=\"twitter:card\" content=\"summary_large_image\" \/>\n<meta name=\"twitter:site\" content=\"@Vellsam_MB\" \/>\n<meta name=\"twitter:label1\" content=\"Tempo estimado de leitura\" \/>\n\t<meta name=\"twitter:data1\" content=\"8 minutos\" \/>\n<script type=\"application\/ld+json\" class=\"yoast-schema-graph\">{\"@context\":\"https:\\\/\\\/schema.org\",\"@graph\":[{\"@type\":\"WebPage\",\"@id\":\"https:\\\/\\\/www.vellsam.com\\\/aviso-legal\\\/\",\"url\":\"https:\\\/\\\/www.vellsam.com\\\/aviso-legal\\\/\",\"name\":\"Aviso legal - Vellsam\",\"isPartOf\":{\"@id\":\"https:\\\/\\\/www.vellsam.com\\\/#website\"},\"datePublished\":\"2023-02-20T11:02:13+00:00\",\"dateModified\":\"2024-05-13T10:24:03+00:00\",\"breadcrumb\":{\"@id\":\"https:\\\/\\\/www.vellsam.com\\\/aviso-legal\\\/#breadcrumb\"},\"inLanguage\":\"pt-PT\",\"potentialAction\":[{\"@type\":\"ReadAction\",\"target\":[\"https:\\\/\\\/www.vellsam.com\\\/aviso-legal\\\/\"]}]},{\"@type\":\"BreadcrumbList\",\"@id\":\"https:\\\/\\\/www.vellsam.com\\\/aviso-legal\\\/#breadcrumb\",\"itemListElement\":[{\"@type\":\"ListItem\",\"position\":1,\"name\":\"Portada\",\"item\":\"https:\\\/\\\/www.vellsam.com\\\/\"},{\"@type\":\"ListItem\",\"position\":2,\"name\":\"Aviso legal\"}]},{\"@type\":\"WebSite\",\"@id\":\"https:\\\/\\\/www.vellsam.com\\\/#website\",\"url\":\"https:\\\/\\\/www.vellsam.com\\\/\",\"name\":\"Vellsam\",\"description\":\"Soluciones biotecnol\u00f3gicas para el desarrollo agr\u00edcola\",\"publisher\":{\"@id\":\"https:\\\/\\\/www.vellsam.com\\\/#organization\"},\"potentialAction\":[{\"@type\":\"SearchAction\",\"target\":{\"@type\":\"EntryPoint\",\"urlTemplate\":\"https:\\\/\\\/www.vellsam.com\\\/?s={search_term_string}\"},\"query-input\":{\"@type\":\"PropertyValueSpecification\",\"valueRequired\":true,\"valueName\":\"search_term_string\"}}],\"inLanguage\":\"pt-PT\"},{\"@type\":\"Organization\",\"@id\":\"https:\\\/\\\/www.vellsam.com\\\/#organization\",\"name\":\"Vellsam\",\"url\":\"https:\\\/\\\/www.vellsam.com\\\/\",\"logo\":{\"@type\":\"ImageObject\",\"inLanguage\":\"pt-PT\",\"@id\":\"https:\\\/\\\/www.vellsam.com\\\/#\\\/schema\\\/logo\\\/image\\\/\",\"url\":\"https:\\\/\\\/www.vellsam.com\\\/wp-content\\\/uploads\\\/2023\\\/01\\\/vellsam-logo.png\",\"contentUrl\":\"https:\\\/\\\/www.vellsam.com\\\/wp-content\\\/uploads\\\/2023\\\/01\\\/vellsam-logo.png\",\"width\":340,\"height\":59,\"caption\":\"Vellsam\"},\"image\":{\"@id\":\"https:\\\/\\\/www.vellsam.com\\\/#\\\/schema\\\/logo\\\/image\\\/\"},\"sameAs\":[\"https:\\\/\\\/www.facebook.com\\\/vellsam.mb\",\"https:\\\/\\\/x.com\\\/Vellsam_MB\",\"https:\\\/\\\/www.linkedin.com\\\/company\\\/11061739\\\/\"]}]}<\/script>\n<!-- \/ Yoast SEO plugin. -->","yoast_head_json":{"title":"Aviso legal - Vellsam","robots":{"index":"index","follow":"follow","max-snippet":"max-snippet:-1","max-image-preview":"max-image-preview:large","max-video-preview":"max-video-preview:-1"},"canonical":"https:\/\/www.vellsam.com\/aviso-legal\/","og_locale":"pt_PT","og_type":"article","og_title":"Aviso legal - Vellsam","og_description":"Informa\u00e7\u00f5es gerais:Obrigado por visitar o nosso s\u00edtio Web. A VELLSAM MATERIAS BIOACTIVAS SL, coloca \u00e0 disposi\u00e7\u00e3o dos utilizadores o presente documento com o qual pretende dar cumprimento \u00e0s obriga\u00e7\u00f5es estabelecidas na Lei 34\/2002, de Servi\u00e7os da Sociedade da Informa\u00e7\u00e3o e do Com\u00e9rcio Eletr\u00f3nico (LSSI-CE), e informar todos os utilizadores das condi\u00e7\u00f5es de utiliza\u00e7\u00e3o do nosso [&hellip;]","og_url":"https:\/\/www.vellsam.com\/aviso-legal\/","og_site_name":"Vellsam","article_publisher":"https:\/\/www.facebook.com\/vellsam.mb","article_modified_time":"2024-05-13T10:24:03+00:00","twitter_card":"summary_large_image","twitter_site":"@Vellsam_MB","twitter_misc":{"Tempo estimado de leitura":"8 minutos"},"schema":{"@context":"https:\/\/schema.org","@graph":[{"@type":"WebPage","@id":"https:\/\/www.vellsam.com\/aviso-legal\/","url":"https:\/\/www.vellsam.com\/aviso-legal\/","name":"Aviso legal - Vellsam","isPartOf":{"@id":"https:\/\/www.vellsam.com\/#website"},"datePublished":"2023-02-20T11:02:13+00:00","dateModified":"2024-05-13T10:24:03+00:00","breadcrumb":{"@id":"https:\/\/www.vellsam.com\/aviso-legal\/#breadcrumb"},"inLanguage":"pt-PT","potentialAction":[{"@type":"ReadAction","target":["https:\/\/www.vellsam.com\/aviso-legal\/"]}]},{"@type":"BreadcrumbList","@id":"https:\/\/www.vellsam.com\/aviso-legal\/#breadcrumb","itemListElement":[{"@type":"ListItem","position":1,"name":"Portada","item":"https:\/\/www.vellsam.com\/"},{"@type":"ListItem","position":2,"name":"Aviso legal"}]},{"@type":"WebSite","@id":"https:\/\/www.vellsam.com\/#website","url":"https:\/\/www.vellsam.com\/","name":"Vellsam","description":"Soluciones biotecnol\u00f3gicas para el desarrollo agr\u00edcola","publisher":{"@id":"https:\/\/www.vellsam.com\/#organization"},"potentialAction":[{"@type":"SearchAction","target":{"@type":"EntryPoint","urlTemplate":"https:\/\/www.vellsam.com\/?s={search_term_string}"},"query-input":{"@type":"PropertyValueSpecification","valueRequired":true,"valueName":"search_term_string"}}],"inLanguage":"pt-PT"},{"@type":"Organization","@id":"https:\/\/www.vellsam.com\/#organization","name":"Vellsam","url":"https:\/\/www.vellsam.com\/","logo":{"@type":"ImageObject","inLanguage":"pt-PT","@id":"https:\/\/www.vellsam.com\/#\/schema\/logo\/image\/","url":"https:\/\/www.vellsam.com\/wp-content\/uploads\/2023\/01\/vellsam-logo.png","contentUrl":"https:\/\/www.vellsam.com\/wp-content\/uploads\/2023\/01\/vellsam-logo.png","width":340,"height":59,"caption":"Vellsam"},"image":{"@id":"https:\/\/www.vellsam.com\/#\/schema\/logo\/image\/"},"sameAs":["https:\/\/www.facebook.com\/vellsam.mb","https:\/\/x.com\/Vellsam_MB","https:\/\/www.linkedin.com\/company\/11061739\/"]}]}},"_links":{"self":[{"href":"https:\/\/www.vellsam.com\/pt-pt\/wp-json\/wp\/v2\/pages\/13462","targetHints":{"allow":["GET"]}}],"collection":[{"href":"https:\/\/www.vellsam.com\/pt-pt\/wp-json\/wp\/v2\/pages"}],"about":[{"href":"https:\/\/www.vellsam.com\/pt-pt\/wp-json\/wp\/v2\/types\/page"}],"author":[{"embeddable":true,"href":"https:\/\/www.vellsam.com\/pt-pt\/wp-json\/wp\/v2\/users\/1"}],"replies":[{"embeddable":true,"href":"https:\/\/www.vellsam.com\/pt-pt\/wp-json\/wp\/v2\/comments?post=13462"}],"version-history":[{"count":7,"href":"https:\/\/www.vellsam.com\/pt-pt\/wp-json\/wp\/v2\/pages\/13462\/revisions"}],"predecessor-version":[{"id":15007,"href":"https:\/\/www.vellsam.com\/pt-pt\/wp-json\/wp\/v2\/pages\/13462\/revisions\/15007"}],"wp:attachment":[{"href":"https:\/\/www.vellsam.com\/pt-pt\/wp-json\/wp\/v2\/media?parent=13462"}],"curies":[{"name":"wp","href":"https:\/\/api.w.org\/{rel}","templated":true}]}}