{"id":13475,"date":"2023-02-01T16:02:37","date_gmt":"2023-02-01T15:02:37","guid":{"rendered":"https:\/\/www.vellsam.com\/engagement\/"},"modified":"2024-05-13T15:30:21","modified_gmt":"2024-05-13T14:30:21","slug":"engagement","status":"publish","type":"page","link":"https:\/\/www.vellsam.com\/fr\/engagement\/","title":{"rendered":"Engagement"},"content":{"rendered":"\t\t<div data-elementor-type=\"wp-page\" data-elementor-id=\"13475\" class=\"elementor elementor-13475 elementor-10763\" data-elementor-post-type=\"page\">\n\t\t\t\t\t\t<section class=\"elementor-section elementor-top-section elementor-element elementor-element-aebe8b5 elementor-section-full_width elementor-section-height-default elementor-section-height-default qodef-elementor-content-no\" data-id=\"aebe8b5\" data-element_type=\"section\" data-e-type=\"section\" data-settings=\"{&quot;background_background&quot;:&quot;classic&quot;}\">\n\t\t\t\t\t\t<div class=\"elementor-container elementor-column-gap-default\">\n\t\t\t\t\t<div class=\"elementor-column elementor-col-50 elementor-top-column elementor-element elementor-element-3ab975b\" data-id=\"3ab975b\" data-element_type=\"column\" data-e-type=\"column\">\n\t\t\t<div class=\"elementor-widget-wrap elementor-element-populated\">\n\t\t\t\t\t\t<div class=\"elementor-element elementor-element-41eaed4 elementor-widget elementor-widget-halstein_core_section_title\" data-id=\"41eaed4\" data-element_type=\"widget\" data-e-type=\"widget\" data-widget_type=\"halstein_core_section_title.default\">\n\t\t\t\t<div class=\"elementor-widget-container\">\n\t\t\t\t\t<div class=\"qodef-shortcode qodef-m  qodef-section-title qodef-alignment--left qodef-title-break--disabled qodef-text-field-break--disabled\">\n\t\t\t<h2 class=\"qodef-m-title\" style=\"color: #F96F12\">\n\t\t\t\t\tFaire des recherches<br> sur le<br> pr\u00e9sent pour am\u00e9liorer l'avenir.\t\t\t<\/h2>\n\t\t\t<p class=\"qodef-m-text-field\" >\n\t\tVellsam collabore avec l'Universit\u00e9 de Grenade,<br \/> dans le cadre de la chaire Vellsam-UGR<br \/> pour l'innovation en mati\u00e8re de nutrition et<br \/> de sant\u00e9, en \u00e9tudiant les<br \/> effets des produits \u00e0 base<br \/> de fruits et l\u00e9gumes et des<br \/> substances bioactives et en d\u00e9veloppant de nouveaux produits agricoles destin\u00e9s \u00e0 la pr\u00e9vention du cancer et \u00e0 la sant\u00e9 cardiovasculaire.\t<\/p>\n\t<\/div>\n\t\t\t\t<\/div>\n\t\t\t\t<\/div>\n\t\t\t\t<div class=\"elementor-element elementor-element-73ec2ae elementor-widget elementor-widget-qi_addons_for_elementor_button\" data-id=\"73ec2ae\" data-element_type=\"widget\" data-e-type=\"widget\" data-widget_type=\"qi_addons_for_elementor_button.default\">\n\t\t\t\t<div class=\"elementor-widget-container\">\n\t\t\t\t\t<a class=\"qodef-shortcode qodef-m qodef-qi-button qodef-html--link qodef-layout--outlined qodef-type--standard qodef-icon--right qodef-hover--icon-move-horizontal-short\" href=\"https:\/\/www.vellsam.com\/fr\/une-chaire-de-recherche-sur-les-effets-des-produits-biotechnologiques-sur-la-sante-dans-la-culture-des-tomates-est-en-cours\/\" target=\"_self\">\n\t<span class=\"qodef-m-text\">EN SAVOIR PLUS<\/span>\n\t<\/a>\n\t\t\t\t<\/div>\n\t\t\t\t<\/div>\n\t\t\t\t\t<\/div>\n\t\t<\/div>\n\t\t\t\t<div class=\"elementor-column elementor-col-50 elementor-top-column elementor-element elementor-element-ce7d780\" data-id=\"ce7d780\" data-element_type=\"column\" data-e-type=\"column\">\n\t\t\t<div class=\"elementor-widget-wrap elementor-element-populated\">\n\t\t\t\t\t\t<div class=\"elementor-element elementor-element-c47838a elementor-widget elementor-widget-image\" data-id=\"c47838a\" data-element_type=\"widget\" data-e-type=\"widget\" data-widget_type=\"image.default\">\n\t\t\t\t<div class=\"elementor-widget-container\">\n\t\t\t\t\t\t\t\t\t\t\t\t\t\t\t<img fetchpriority=\"high\" decoding=\"async\" width=\"1000\" height=\"865\" src=\"https:\/\/www.vellsam.com\/wp-content\/uploads\/2023\/02\/vellsam-compromiso.jpg\" class=\"attachment-large size-large wp-image-13126\" alt=\"\" srcset=\"https:\/\/www.vellsam.com\/wp-content\/uploads\/2023\/02\/vellsam-compromiso.jpg 1000w, https:\/\/www.vellsam.com\/wp-content\/uploads\/2023\/02\/vellsam-compromiso-300x260.jpg 300w, https:\/\/www.vellsam.com\/wp-content\/uploads\/2023\/02\/vellsam-compromiso-768x664.jpg 768w\" sizes=\"(max-width: 1000px) 100vw, 1000px\" \/>\t\t\t\t\t\t\t\t\t\t\t\t\t\t\t<\/div>\n\t\t\t\t<\/div>\n\t\t\t\t\t<\/div>\n\t\t<\/div>\n\t\t\t\t\t<\/div>\n\t\t<\/section>\n\t\t\t\t<section class=\"elementor-section elementor-top-section elementor-element elementor-element-8d10db2 elementor-section-full_width elementor-reverse-mobile elementor-hidden-desktop elementor-hidden-tablet elementor-hidden-mobile elementor-section-height-default elementor-section-height-default qodef-elementor-content-no\" data-id=\"8d10db2\" data-element_type=\"section\" data-e-type=\"section\" data-settings=\"{&quot;background_background&quot;:&quot;classic&quot;}\">\n\t\t\t\t\t\t<div class=\"elementor-container elementor-column-gap-no\">\n\t\t\t\t\t<div class=\"elementor-column elementor-col-50 elementor-top-column elementor-element elementor-element-cc1adc2\" data-id=\"cc1adc2\" data-element_type=\"column\" data-e-type=\"column\">\n\t\t\t<div class=\"elementor-widget-wrap elementor-element-populated\">\n\t\t\t\t\t\t<div class=\"elementor-element elementor-element-acd1e9d elementor-widget elementor-widget-image\" data-id=\"acd1e9d\" data-element_type=\"widget\" data-e-type=\"widget\" data-widget_type=\"image.default\">\n\t\t\t\t<div class=\"elementor-widget-container\">\n\t\t\t\t\t\t\t\t\t\t\t\t\t\t\t<img decoding=\"async\" width=\"1000\" height=\"948\" src=\"https:\/\/www.vellsam.com\/wp-content\/uploads\/2023\/02\/vellsam-compromiso-3.jpg\" class=\"attachment-large size-large wp-image-13128\" alt=\"\" srcset=\"https:\/\/www.vellsam.com\/wp-content\/uploads\/2023\/02\/vellsam-compromiso-3.jpg 1000w, https:\/\/www.vellsam.com\/wp-content\/uploads\/2023\/02\/vellsam-compromiso-3-300x284.jpg 300w, https:\/\/www.vellsam.com\/wp-content\/uploads\/2023\/02\/vellsam-compromiso-3-768x728.jpg 768w\" sizes=\"(max-width: 1000px) 100vw, 1000px\" \/>\t\t\t\t\t\t\t\t\t\t\t\t\t\t\t<\/div>\n\t\t\t\t<\/div>\n\t\t\t\t\t<\/div>\n\t\t<\/div>\n\t\t\t\t<div class=\"elementor-column elementor-col-50 elementor-top-column elementor-element elementor-element-f92133a\" data-id=\"f92133a\" data-element_type=\"column\" data-e-type=\"column\">\n\t\t\t<div class=\"elementor-widget-wrap elementor-element-populated\">\n\t\t\t\t\t\t<div class=\"elementor-element elementor-element-2a36025 elementor-widget elementor-widget-heading\" data-id=\"2a36025\" data-element_type=\"widget\" data-e-type=\"widget\" data-widget_type=\"heading.default\">\n\t\t\t\t<div class=\"elementor-widget-container\">\n\t\t\t\t\t<h3 class=\"elementor-heading-title elementor-size-default\">Ensemble, nous changeons le monde.<\/h3>\t\t\t\t<\/div>\n\t\t\t\t<\/div>\n\t\t\t\t<div class=\"elementor-element elementor-element-18f97f9 elementor-widget__width-initial elementor-widget elementor-widget-text-editor\" data-id=\"18f97f9\" data-element_type=\"widget\" data-e-type=\"widget\" data-widget_type=\"text-editor.default\">\n\t\t\t\t<div class=\"elementor-widget-container\">\n\t\t\t\t\t\t\t\t\t<p>Vellsam a cr\u00e9\u00e9 la Fondation Zamora Castillo dans le but de.. :<\/p>\n<p>&#8211; Contribuer au progr\u00e8s \u00e9conomique et culturel et au bien-\u00eatre social.<\/p>\n<p>&#8211; Contribuer au d\u00e9veloppement des talents des jeunes qui excellent \u00e0 diff\u00e9rents niveaux d&rsquo;\u00e9ducation, avec une attention particuli\u00e8re pour les jeunes aux ressources \u00e9conomiques limit\u00e9es.<\/p>\n<p>&#8211; Encourager et collaborer au d\u00e9veloppement de l&rsquo;\u00e9conomie sociale en mettant l&rsquo;accent sur l&rsquo;agriculture.<\/p>\n<p>&#8211; D\u00e9veloppement et ex\u00e9cution de tous types d&rsquo;activit\u00e9s visant \u00e0 promouvoir l&rsquo;esprit d&rsquo;entreprise, la recherche scientifique et le d\u00e9veloppement technologique.<\/p>\n<p>&#8211; Encourager la protection et la d\u00e9fense de l&rsquo;environnement et la promotion de modes de vie sains.<\/p>\n\t\t\t\t\t\t\t\t<\/div>\n\t\t\t\t<\/div>\n\t\t\t\t<div class=\"elementor-element elementor-element-7e89f60 elementor-widget elementor-widget-qi_addons_for_elementor_button\" data-id=\"7e89f60\" data-element_type=\"widget\" data-e-type=\"widget\" data-widget_type=\"qi_addons_for_elementor_button.default\">\n\t\t\t\t<div class=\"elementor-widget-container\">\n\t\t\t\t\t<a class=\"qodef-shortcode qodef-m qodef-qi-button qodef-html--link qodef-layout--outlined qodef-type--standard qodef-icon--right qodef-hover--icon-move-horizontal-short\" href=\"#\" target=\"_self\">\n\t<span class=\"qodef-m-text\">EN SAVOIR PLUS<\/span>\n\t<\/a>\n\t\t\t\t<\/div>\n\t\t\t\t<\/div>\n\t\t\t\t\t<\/div>\n\t\t<\/div>\n\t\t\t\t\t<\/div>\n\t\t<\/section>\n\t\t\t\t<section class=\"elementor-section elementor-top-section elementor-element elementor-element-8ca2c5e elementor-section-full_width elementor-section-height-default elementor-section-height-default qodef-elementor-content-no\" data-id=\"8ca2c5e\" data-element_type=\"section\" data-e-type=\"section\" data-settings=\"{&quot;background_background&quot;:&quot;classic&quot;}\">\n\t\t\t\t\t\t<div class=\"elementor-container elementor-column-gap-no\">\n\t\t\t\t\t<div class=\"elementor-column elementor-col-50 elementor-top-column elementor-element elementor-element-665621f\" data-id=\"665621f\" data-element_type=\"column\" data-e-type=\"column\">\n\t\t\t<div class=\"elementor-widget-wrap elementor-element-populated\">\n\t\t\t\t\t\t<div class=\"elementor-element elementor-element-8f2742c elementor-widget elementor-widget-image\" data-id=\"8f2742c\" data-element_type=\"widget\" data-e-type=\"widget\" data-widget_type=\"image.default\">\n\t\t\t\t<div class=\"elementor-widget-container\">\n\t\t\t\t\t\t\t\t\t\t\t\t\t\t\t<img decoding=\"async\" width=\"732\" height=\"635\" src=\"https:\/\/www.vellsam.com\/wp-content\/uploads\/2023\/04\/imagen-vellsam_2.jpg\" class=\"attachment-full size-full wp-image-13204\" alt=\"\" srcset=\"https:\/\/www.vellsam.com\/wp-content\/uploads\/2023\/04\/imagen-vellsam_2.jpg 732w, https:\/\/www.vellsam.com\/wp-content\/uploads\/2023\/04\/imagen-vellsam_2-300x260.jpg 300w, https:\/\/www.vellsam.com\/wp-content\/uploads\/2023\/04\/imagen-vellsam_2-24x21.jpg 24w, https:\/\/www.vellsam.com\/wp-content\/uploads\/2023\/04\/imagen-vellsam_2-36x31.jpg 36w, https:\/\/www.vellsam.com\/wp-content\/uploads\/2023\/04\/imagen-vellsam_2-48x42.jpg 48w\" sizes=\"(max-width: 732px) 100vw, 732px\" \/>\t\t\t\t\t\t\t\t\t\t\t\t\t\t\t<\/div>\n\t\t\t\t<\/div>\n\t\t\t\t\t<\/div>\n\t\t<\/div>\n\t\t\t\t<div class=\"elementor-column elementor-col-50 elementor-top-column elementor-element elementor-element-262fab9\" data-id=\"262fab9\" data-element_type=\"column\" data-e-type=\"column\">\n\t\t\t<div class=\"elementor-widget-wrap elementor-element-populated\">\n\t\t\t\t\t\t<div class=\"elementor-element elementor-element-c58f827 elementor-widget elementor-widget-halstein_core_section_title\" data-id=\"c58f827\" data-element_type=\"widget\" data-e-type=\"widget\" data-widget_type=\"halstein_core_section_title.default\">\n\t\t\t\t<div class=\"elementor-widget-container\">\n\t\t\t\t\t<div class=\"qodef-shortcode qodef-m  qodef-section-title qodef-alignment--left qodef-title-break--disabled qodef-text-field-break--disabled\">\n\t\t\t<h3 class=\"qodef-m-title\" style=\"color: #F96F12\">\n\t\t\t\t\tLe sport comme<br> \u00e9l\u00e9ment de changement.\t\t\t<\/h3>\n\t\t\t<p class=\"qodef-m-text-field\" >\n\t\tChez Vellsam, nous sommes conscients des nombreux<br \/> avantages que l'activit\u00e9 physique apporte aux gens. C'est pourquoi<br \/> nous avons cr\u00e9\u00e9 un club sportif qui<br \/> s'engage fermement \u00e0 pr\u00e9server la sant\u00e9 de notre environnement.\n<br><br>\n\nVellsam Team a \u00e9t\u00e9 cr\u00e9\u00e9 dans le<br \/> but de donner l'opportunit\u00e9 \u00e0 ces<br \/> jeunes promesses du monde du sport, qui<br \/> souhaitent poursuivre leur progression au plus<br \/> haut niveau de comp\u00e9tition, collaborant<br \/> ainsi avec diverses disciplines sportives qui<br \/> promeuvent l'inclusion et l'int\u00e9grit\u00e9 \u00e0 partir de la cr\u00e9ation<br \/> d'une communaut\u00e9 tol\u00e9rante et \u00e9galitaire.\t<\/p>\n\t<\/div>\n\t\t\t\t<\/div>\n\t\t\t\t<\/div>\n\t\t\t\t\t<\/div>\n\t\t<\/div>\n\t\t\t\t\t<\/div>\n\t\t<\/section>\n\t\t\t\t<\/div>\n\t\t","protected":false},"excerpt":{"rendered":"<p>Faire des recherches sur le pr\u00e9sent pour am\u00e9liorer l&rsquo;avenir. Vellsam collabore avec l&rsquo;Universit\u00e9 de Grenade, dans le cadre de la chaire Vellsam-UGR pour l&rsquo;innovation en mati\u00e8re de nutrition et de sant\u00e9, en \u00e9tudiant les effets des produits \u00e0 base de fruits et l\u00e9gumes et des substances bioactives et en d\u00e9veloppant de nouveaux produits agricoles destin\u00e9s [&hellip;]<\/p>\n","protected":false},"author":1,"featured_media":0,"parent":0,"menu_order":0,"comment_status":"closed","ping_status":"closed","template":"page-full-width.php","meta":{"_acf_changed":false,"om_disable_all_campaigns":false,"_monsterinsights_skip_tracking":false,"_monsterinsights_sitenote_active":false,"_monsterinsights_sitenote_note":"","_monsterinsights_sitenote_category":0,"_uf_show_specific_survey":0,"_uf_disable_surveys":false,"footnotes":""},"class_list":["post-13475","page","type-page","status-publish","hentry"],"acf":[],"yoast_head":"<!-- This site is optimized with the Yoast SEO plugin v27.3 - https:\/\/yoast.com\/product\/yoast-seo-wordpress\/ -->\n<title>Engagement - Vellsam<\/title>\n<meta name=\"robots\" content=\"index, follow, max-snippet:-1, max-image-preview:large, max-video-preview:-1\" \/>\n<link rel=\"canonical\" href=\"https:\/\/www.vellsam.com\/compromiso\/\" \/>\n<meta property=\"og:locale\" content=\"fr_FR\" \/>\n<meta property=\"og:type\" content=\"article\" \/>\n<meta property=\"og:title\" content=\"Engagement - Vellsam\" \/>\n<meta property=\"og:description\" content=\"Faire des recherches sur le pr\u00e9sent pour am\u00e9liorer l&rsquo;avenir. Vellsam collabore avec l&rsquo;Universit\u00e9 de Grenade, dans le cadre de la chaire Vellsam-UGR pour l&rsquo;innovation en mati\u00e8re de nutrition et de sant\u00e9, en \u00e9tudiant les effets des produits \u00e0 base de fruits et l\u00e9gumes et des substances bioactives et en d\u00e9veloppant de nouveaux produits agricoles destin\u00e9s [&hellip;]\" \/>\n<meta property=\"og:url\" content=\"https:\/\/www.vellsam.com\/compromiso\/\" \/>\n<meta property=\"og:site_name\" content=\"Vellsam\" \/>\n<meta property=\"article:publisher\" content=\"https:\/\/www.facebook.com\/vellsam.mb\" \/>\n<meta property=\"article:modified_time\" content=\"2024-05-13T14:30:21+00:00\" \/>\n<meta property=\"og:image\" content=\"https:\/\/www.vellsam.com\/wp-content\/uploads\/2023\/02\/vellsam-compromiso.jpg\" \/>\n<meta name=\"twitter:card\" content=\"summary_large_image\" \/>\n<meta name=\"twitter:site\" content=\"@Vellsam_MB\" \/>\n<meta name=\"twitter:label1\" content=\"Dur\u00e9e de lecture estim\u00e9e\" \/>\n\t<meta name=\"twitter:data1\" content=\"2 minutes\" \/>\n<script type=\"application\/ld+json\" class=\"yoast-schema-graph\">{\"@context\":\"https:\\\/\\\/schema.org\",\"@graph\":[{\"@type\":\"WebPage\",\"@id\":\"https:\\\/\\\/www.vellsam.com\\\/compromiso\\\/\",\"url\":\"https:\\\/\\\/www.vellsam.com\\\/compromiso\\\/\",\"name\":\"Engagement - Vellsam\",\"isPartOf\":{\"@id\":\"https:\\\/\\\/www.vellsam.com\\\/#website\"},\"primaryImageOfPage\":{\"@id\":\"https:\\\/\\\/www.vellsam.com\\\/compromiso\\\/#primaryimage\"},\"image\":{\"@id\":\"https:\\\/\\\/www.vellsam.com\\\/compromiso\\\/#primaryimage\"},\"thumbnailUrl\":\"https:\\\/\\\/www.vellsam.com\\\/wp-content\\\/uploads\\\/2023\\\/02\\\/vellsam-compromiso.jpg\",\"datePublished\":\"2023-02-01T15:02:37+00:00\",\"dateModified\":\"2024-05-13T14:30:21+00:00\",\"breadcrumb\":{\"@id\":\"https:\\\/\\\/www.vellsam.com\\\/compromiso\\\/#breadcrumb\"},\"inLanguage\":\"fr-FR\",\"potentialAction\":[{\"@type\":\"ReadAction\",\"target\":[\"https:\\\/\\\/www.vellsam.com\\\/compromiso\\\/\"]}]},{\"@type\":\"ImageObject\",\"inLanguage\":\"fr-FR\",\"@id\":\"https:\\\/\\\/www.vellsam.com\\\/compromiso\\\/#primaryimage\",\"url\":\"https:\\\/\\\/www.vellsam.com\\\/wp-content\\\/uploads\\\/2023\\\/02\\\/vellsam-compromiso.jpg\",\"contentUrl\":\"https:\\\/\\\/www.vellsam.com\\\/wp-content\\\/uploads\\\/2023\\\/02\\\/vellsam-compromiso.jpg\"},{\"@type\":\"BreadcrumbList\",\"@id\":\"https:\\\/\\\/www.vellsam.com\\\/compromiso\\\/#breadcrumb\",\"itemListElement\":[{\"@type\":\"ListItem\",\"position\":1,\"name\":\"Portada\",\"item\":\"https:\\\/\\\/www.vellsam.com\\\/fr\\\/\"},{\"@type\":\"ListItem\",\"position\":2,\"name\":\"Engagement\"}]},{\"@type\":\"WebSite\",\"@id\":\"https:\\\/\\\/www.vellsam.com\\\/#website\",\"url\":\"https:\\\/\\\/www.vellsam.com\\\/\",\"name\":\"Vellsam\",\"description\":\"Soluciones biotecnol\u00f3gicas para el desarrollo agr\u00edcola\",\"publisher\":{\"@id\":\"https:\\\/\\\/www.vellsam.com\\\/#organization\"},\"potentialAction\":[{\"@type\":\"SearchAction\",\"target\":{\"@type\":\"EntryPoint\",\"urlTemplate\":\"https:\\\/\\\/www.vellsam.com\\\/?s={search_term_string}\"},\"query-input\":{\"@type\":\"PropertyValueSpecification\",\"valueRequired\":true,\"valueName\":\"search_term_string\"}}],\"inLanguage\":\"fr-FR\"},{\"@type\":\"Organization\",\"@id\":\"https:\\\/\\\/www.vellsam.com\\\/#organization\",\"name\":\"Vellsam\",\"url\":\"https:\\\/\\\/www.vellsam.com\\\/\",\"logo\":{\"@type\":\"ImageObject\",\"inLanguage\":\"fr-FR\",\"@id\":\"https:\\\/\\\/www.vellsam.com\\\/#\\\/schema\\\/logo\\\/image\\\/\",\"url\":\"https:\\\/\\\/www.vellsam.com\\\/wp-content\\\/uploads\\\/2023\\\/01\\\/vellsam-logo.png\",\"contentUrl\":\"https:\\\/\\\/www.vellsam.com\\\/wp-content\\\/uploads\\\/2023\\\/01\\\/vellsam-logo.png\",\"width\":340,\"height\":59,\"caption\":\"Vellsam\"},\"image\":{\"@id\":\"https:\\\/\\\/www.vellsam.com\\\/#\\\/schema\\\/logo\\\/image\\\/\"},\"sameAs\":[\"https:\\\/\\\/www.facebook.com\\\/vellsam.mb\",\"https:\\\/\\\/x.com\\\/Vellsam_MB\",\"https:\\\/\\\/www.linkedin.com\\\/company\\\/11061739\\\/\"]}]}<\/script>\n<!-- \/ Yoast SEO plugin. -->","yoast_head_json":{"title":"Engagement - Vellsam","robots":{"index":"index","follow":"follow","max-snippet":"max-snippet:-1","max-image-preview":"max-image-preview:large","max-video-preview":"max-video-preview:-1"},"canonical":"https:\/\/www.vellsam.com\/compromiso\/","og_locale":"fr_FR","og_type":"article","og_title":"Engagement - Vellsam","og_description":"Faire des recherches sur le pr\u00e9sent pour am\u00e9liorer l&rsquo;avenir. Vellsam collabore avec l&rsquo;Universit\u00e9 de Grenade, dans le cadre de la chaire Vellsam-UGR pour l&rsquo;innovation en mati\u00e8re de nutrition et de sant\u00e9, en \u00e9tudiant les effets des produits \u00e0 base de fruits et l\u00e9gumes et des substances bioactives et en d\u00e9veloppant de nouveaux produits agricoles destin\u00e9s [&hellip;]","og_url":"https:\/\/www.vellsam.com\/compromiso\/","og_site_name":"Vellsam","article_publisher":"https:\/\/www.facebook.com\/vellsam.mb","article_modified_time":"2024-05-13T14:30:21+00:00","og_image":[{"url":"https:\/\/www.vellsam.com\/wp-content\/uploads\/2023\/02\/vellsam-compromiso.jpg","type":"","width":"","height":""}],"twitter_card":"summary_large_image","twitter_site":"@Vellsam_MB","twitter_misc":{"Dur\u00e9e de lecture estim\u00e9e":"2 minutes"},"schema":{"@context":"https:\/\/schema.org","@graph":[{"@type":"WebPage","@id":"https:\/\/www.vellsam.com\/compromiso\/","url":"https:\/\/www.vellsam.com\/compromiso\/","name":"Engagement - Vellsam","isPartOf":{"@id":"https:\/\/www.vellsam.com\/#website"},"primaryImageOfPage":{"@id":"https:\/\/www.vellsam.com\/compromiso\/#primaryimage"},"image":{"@id":"https:\/\/www.vellsam.com\/compromiso\/#primaryimage"},"thumbnailUrl":"https:\/\/www.vellsam.com\/wp-content\/uploads\/2023\/02\/vellsam-compromiso.jpg","datePublished":"2023-02-01T15:02:37+00:00","dateModified":"2024-05-13T14:30:21+00:00","breadcrumb":{"@id":"https:\/\/www.vellsam.com\/compromiso\/#breadcrumb"},"inLanguage":"fr-FR","potentialAction":[{"@type":"ReadAction","target":["https:\/\/www.vellsam.com\/compromiso\/"]}]},{"@type":"ImageObject","inLanguage":"fr-FR","@id":"https:\/\/www.vellsam.com\/compromiso\/#primaryimage","url":"https:\/\/www.vellsam.com\/wp-content\/uploads\/2023\/02\/vellsam-compromiso.jpg","contentUrl":"https:\/\/www.vellsam.com\/wp-content\/uploads\/2023\/02\/vellsam-compromiso.jpg"},{"@type":"BreadcrumbList","@id":"https:\/\/www.vellsam.com\/compromiso\/#breadcrumb","itemListElement":[{"@type":"ListItem","position":1,"name":"Portada","item":"https:\/\/www.vellsam.com\/fr\/"},{"@type":"ListItem","position":2,"name":"Engagement"}]},{"@type":"WebSite","@id":"https:\/\/www.vellsam.com\/#website","url":"https:\/\/www.vellsam.com\/","name":"Vellsam","description":"Soluciones biotecnol\u00f3gicas para el desarrollo agr\u00edcola","publisher":{"@id":"https:\/\/www.vellsam.com\/#organization"},"potentialAction":[{"@type":"SearchAction","target":{"@type":"EntryPoint","urlTemplate":"https:\/\/www.vellsam.com\/?s={search_term_string}"},"query-input":{"@type":"PropertyValueSpecification","valueRequired":true,"valueName":"search_term_string"}}],"inLanguage":"fr-FR"},{"@type":"Organization","@id":"https:\/\/www.vellsam.com\/#organization","name":"Vellsam","url":"https:\/\/www.vellsam.com\/","logo":{"@type":"ImageObject","inLanguage":"fr-FR","@id":"https:\/\/www.vellsam.com\/#\/schema\/logo\/image\/","url":"https:\/\/www.vellsam.com\/wp-content\/uploads\/2023\/01\/vellsam-logo.png","contentUrl":"https:\/\/www.vellsam.com\/wp-content\/uploads\/2023\/01\/vellsam-logo.png","width":340,"height":59,"caption":"Vellsam"},"image":{"@id":"https:\/\/www.vellsam.com\/#\/schema\/logo\/image\/"},"sameAs":["https:\/\/www.facebook.com\/vellsam.mb","https:\/\/x.com\/Vellsam_MB","https:\/\/www.linkedin.com\/company\/11061739\/"]}]}},"_links":{"self":[{"href":"https:\/\/www.vellsam.com\/fr\/wp-json\/wp\/v2\/pages\/13475","targetHints":{"allow":["GET"]}}],"collection":[{"href":"https:\/\/www.vellsam.com\/fr\/wp-json\/wp\/v2\/pages"}],"about":[{"href":"https:\/\/www.vellsam.com\/fr\/wp-json\/wp\/v2\/types\/page"}],"author":[{"embeddable":true,"href":"https:\/\/www.vellsam.com\/fr\/wp-json\/wp\/v2\/users\/1"}],"replies":[{"embeddable":true,"href":"https:\/\/www.vellsam.com\/fr\/wp-json\/wp\/v2\/comments?post=13475"}],"version-history":[{"count":11,"href":"https:\/\/www.vellsam.com\/fr\/wp-json\/wp\/v2\/pages\/13475\/revisions"}],"predecessor-version":[{"id":15052,"href":"https:\/\/www.vellsam.com\/fr\/wp-json\/wp\/v2\/pages\/13475\/revisions\/15052"}],"wp:attachment":[{"href":"https:\/\/www.vellsam.com\/fr\/wp-json\/wp\/v2\/media?parent=13475"}],"curies":[{"name":"wp","href":"https:\/\/api.w.org\/{rel}","templated":true}]}}